{"id":143078,"date":"2021-11-04T11:13:49","date_gmt":"2021-11-04T09:13:49","guid":{"rendered":"https:\/\/4room.lv\/?post_type=product&#038;p=143078"},"modified":"2025-03-09T17:34:36","modified_gmt":"2025-03-09T15:34:36","slug":"griestu-lampa-the-bride-60-cm-bruna","status":"publish","type":"product","link":"https:\/\/4room.lv\/en\/veikals\/apgaismojums\/dekorativais\/griestu-lampa-the-bride-60-cm-bruna\/","title":{"rendered":"Griestu lampa &#8211; The Bride : 60 cm, br\u016bna"},"content":{"rendered":"<p>The Bride &#8211; 60 cm, griestu lampa, br\u016bna<\/p>\n","protected":false},"excerpt":{"rendered":"<p>Latvie\u0161u dizaina klasika! Pies\u0137irs patiesi m\u0101j\u012bgu atmosf\u0113ru j\u016bsu m\u0101j\u0101s.<\/p>\n<p>The Bride &#8211; 60 cm, griestu lampa, br\u016bna<\/p>\n","protected":false},"featured_media":143003,"template":"","meta":[],"product_cat":[1058,127,147],"product_tag":[],"class_list":{"0":"post-143078","1":"product","2":"type-product","3":"status-publish","4":"has-post-thumbnail","6":"product_brand-mammalampa","7":"product_cat-dizaina","8":"product_cat-apgaismojums","9":"product_cat-dekorativais","11":"first","12":"instock","13":"shipping-taxable","14":"purchasable","15":"product-type-simple"},"_links":{"self":[{"href":"https:\/\/4room.lv\/en\/wp-json\/wp\/v2\/product\/143078","targetHints":{"allow":["GET"]}}],"collection":[{"href":"https:\/\/4room.lv\/en\/wp-json\/wp\/v2\/product"}],"about":[{"href":"https:\/\/4room.lv\/en\/wp-json\/wp\/v2\/types\/product"}],"wp:featuredmedia":[{"embeddable":true,"href":"https:\/\/4room.lv\/en\/wp-json\/wp\/v2\/media\/143003"}],"wp:attachment":[{"href":"https:\/\/4room.lv\/en\/wp-json\/wp\/v2\/media?parent=143078"}],"wp:term":[{"taxonomy":"product_cat","embeddable":true,"href":"https:\/\/4room.lv\/en\/wp-json\/wp\/v2\/product_cat?post=143078"},{"taxonomy":"product_tag","embeddable":true,"href":"https:\/\/4room.lv\/en\/wp-json\/wp\/v2\/product_tag?post=143078"}],"curies":[{"name":"wp","href":"https:\/\/api.w.org\/{rel}","templated":true}]}}