{"id":152460,"date":"2024-04-01T07:25:41","date_gmt":"2024-04-01T04:25:41","guid":{"rendered":"https:\/\/4room.lv\/?post_type=product&#038;p=152460"},"modified":"2025-04-24T16:56:01","modified_gmt":"2025-04-24T13:56:01","slug":"bolzano-3-seater-chaiselong","status":"publish","type":"product","link":"https:\/\/4room.lv\/en\/veikals\/mebeles\/divani\/bolzano-3-seater-chaiselong\/","title":{"rendered":"Bolzano &#8211; 3 Seater + Chaiselong"},"content":{"rendered":"","protected":false},"excerpt":{"rendered":"<p>St\u016bra d\u012bv\u0101ns: Bolzano &#8211; 3 Seater + Chaiselong<\/p>\n<p>Izm\u0113rs: W:\u00a0<span class=\"js-theca-product-width\">260 cm<\/span>\u00a0\/ D:\u00a0<span class=\"js-theca-product-depth\">165 cm<\/span>\u00a0\/ H:\u00a0<span class=\"js-theca-product-height\">60,5 cm\u00a0<\/span><\/p>\n<p>Audums: Fabric Melina Simply Beige (1244)<\/p>\n<p>Iesp\u0113jams izv\u0113l\u0113ties citu audumu vai \u0101du, k\u0101 ar\u012b izm\u0113rus.<\/p>\n","protected":false},"featured_media":152461,"template":"","meta":[],"product_cat":[129,145],"product_tag":[],"class_list":{"0":"post-152460","1":"product","2":"type-product","3":"status-publish","4":"has-post-thumbnail","6":"product_brand-flexlux","7":"product_cat-mebeles","8":"product_cat-divani","10":"first","11":"instock","12":"sale","13":"shipping-taxable","14":"purchasable","15":"product-type-simple"},"_links":{"self":[{"href":"https:\/\/4room.lv\/en\/wp-json\/wp\/v2\/product\/152460","targetHints":{"allow":["GET"]}}],"collection":[{"href":"https:\/\/4room.lv\/en\/wp-json\/wp\/v2\/product"}],"about":[{"href":"https:\/\/4room.lv\/en\/wp-json\/wp\/v2\/types\/product"}],"wp:featuredmedia":[{"embeddable":true,"href":"https:\/\/4room.lv\/en\/wp-json\/wp\/v2\/media\/152461"}],"wp:attachment":[{"href":"https:\/\/4room.lv\/en\/wp-json\/wp\/v2\/media?parent=152460"}],"wp:term":[{"taxonomy":"product_cat","embeddable":true,"href":"https:\/\/4room.lv\/en\/wp-json\/wp\/v2\/product_cat?post=152460"},{"taxonomy":"product_tag","embeddable":true,"href":"https:\/\/4room.lv\/en\/wp-json\/wp\/v2\/product_tag?post=152460"}],"curies":[{"name":"wp","href":"https:\/\/api.w.org\/{rel}","templated":true}]}}