{"id":152601,"date":"2025-06-06T13:03:06","date_gmt":"2025-06-06T10:03:06","guid":{"rendered":"https:\/\/4room.lv\/?post_type=product&#038;p=152601"},"modified":"2025-11-13T16:20:53","modified_gmt":"2025-11-13T14:20:53","slug":"iekarams-griestu-gaismeklis-juis-2","status":"publish","type":"product","link":"https:\/\/4room.lv\/en\/veikals\/apgaismojums\/dekorativais\/iekarams-griestu-gaismeklis-juis-2\/","title":{"rendered":"Iekarams griestu gaismeklis Juis"},"content":{"rendered":"","protected":false},"excerpt":{"rendered":"<p>Iekarams dekorat\u012bvs Led griestu gaismeklis no stikla za\u013c\u0101 kr\u0101s\u0101<\/p>\n<p>2000lm \/ 3000K \/ Kr\u0101sa: zelta, za\u013ca \/ Izm\u0113ri: H46 L250 D30<\/p>\n","protected":false},"featured_media":152603,"template":"","meta":[],"product_cat":[127,147],"product_tag":[],"class_list":{"0":"post-152601","1":"product","2":"type-product","3":"status-publish","4":"has-post-thumbnail","6":"product_brand-ondaluce","7":"product_cat-apgaismojums","8":"product_cat-dekorativais","10":"first","11":"instock","12":"sale","13":"shipping-taxable","14":"purchasable","15":"product-type-simple"},"_links":{"self":[{"href":"https:\/\/4room.lv\/en\/wp-json\/wp\/v2\/product\/152601","targetHints":{"allow":["GET"]}}],"collection":[{"href":"https:\/\/4room.lv\/en\/wp-json\/wp\/v2\/product"}],"about":[{"href":"https:\/\/4room.lv\/en\/wp-json\/wp\/v2\/types\/product"}],"wp:featuredmedia":[{"embeddable":true,"href":"https:\/\/4room.lv\/en\/wp-json\/wp\/v2\/media\/152603"}],"wp:attachment":[{"href":"https:\/\/4room.lv\/en\/wp-json\/wp\/v2\/media?parent=152601"}],"wp:term":[{"taxonomy":"product_cat","embeddable":true,"href":"https:\/\/4room.lv\/en\/wp-json\/wp\/v2\/product_cat?post=152601"},{"taxonomy":"product_tag","embeddable":true,"href":"https:\/\/4room.lv\/en\/wp-json\/wp\/v2\/product_tag?post=152601"}],"curies":[{"name":"wp","href":"https:\/\/api.w.org\/{rel}","templated":true}]}}