{"id":152874,"date":"2023-11-30T11:03:43","date_gmt":"2023-11-30T09:03:43","guid":{"rendered":"https:\/\/4room.lv\/?post_type=product&#038;p=152874"},"modified":"2025-11-13T16:18:53","modified_gmt":"2025-11-13T14:18:53","slug":"sienas-lampa-flat","status":"publish","type":"product","link":"https:\/\/4room.lv\/en\/veikals\/apgaismojums\/sienas-lampa-flat\/","title":{"rendered":"Sienas lampa Flat"},"content":{"rendered":"","protected":false},"excerpt":{"rendered":"<p>Sienas lampa &#8211; flat \/ Kr\u0101sa: balta \/ 3000K \/ 790LM \/ USB l\u0101d\u0113t\u0101js + bezvadu l\u0101d\u0113t\u0101js \/ Izm\u0113ri: H13,5 L33+34 W16<\/p>\n","protected":false},"featured_media":152875,"template":"","meta":[],"product_cat":[127],"product_tag":[],"class_list":{"0":"post-152874","1":"product","2":"type-product","3":"status-publish","4":"has-post-thumbnail","6":"product_brand-ondaluce","7":"product_cat-apgaismojums","9":"first","10":"instock","11":"sale","12":"shipping-taxable","13":"purchasable","14":"product-type-simple"},"_links":{"self":[{"href":"https:\/\/4room.lv\/en\/wp-json\/wp\/v2\/product\/152874","targetHints":{"allow":["GET"]}}],"collection":[{"href":"https:\/\/4room.lv\/en\/wp-json\/wp\/v2\/product"}],"about":[{"href":"https:\/\/4room.lv\/en\/wp-json\/wp\/v2\/types\/product"}],"wp:featuredmedia":[{"embeddable":true,"href":"https:\/\/4room.lv\/en\/wp-json\/wp\/v2\/media\/152875"}],"wp:attachment":[{"href":"https:\/\/4room.lv\/en\/wp-json\/wp\/v2\/media?parent=152874"}],"wp:term":[{"taxonomy":"product_cat","embeddable":true,"href":"https:\/\/4room.lv\/en\/wp-json\/wp\/v2\/product_cat?post=152874"},{"taxonomy":"product_tag","embeddable":true,"href":"https:\/\/4room.lv\/en\/wp-json\/wp\/v2\/product_tag?post=152874"}],"curies":[{"name":"wp","href":"https:\/\/api.w.org\/{rel}","templated":true}]}}