{"id":153177,"date":"2024-02-05T17:02:25","date_gmt":"2024-02-05T15:02:25","guid":{"rendered":"https:\/\/4room.lv\/?post_type=product&#038;p=153177"},"modified":"2025-12-28T19:19:01","modified_gmt":"2025-12-28T17:19:01","slug":"blossom-sofa-3-seater-moss","status":"publish","type":"product","link":"https:\/\/4room.lv\/en\/veikals\/mebeles\/divani\/blossom-sofa-3-seater-moss\/","title":{"rendered":"Blossom Sofa 3-seater Moss"},"content":{"rendered":"","protected":false},"excerpt":{"rendered":"<p>3 &#8211; viet\u012bgs d\u012bv\u0101ns Blossom \/ Kr\u0101sa : br\u016bna \/ Izm\u0113ri : 230 X 101 X 80<\/p>\n","protected":false},"featured_media":153178,"template":"","meta":[],"product_cat":[129,145],"product_tag":[],"class_list":{"0":"post-153177","1":"product","2":"type-product","3":"status-publish","4":"has-post-thumbnail","6":"product_brand-dutch-bone","7":"product_brand-white-label-living","8":"product_brand-zuiver","9":"product_cat-mebeles","10":"product_cat-divani","12":"first","13":"instock","14":"shipping-taxable","15":"purchasable","16":"product-type-simple"},"_links":{"self":[{"href":"https:\/\/4room.lv\/en\/wp-json\/wp\/v2\/product\/153177","targetHints":{"allow":["GET"]}}],"collection":[{"href":"https:\/\/4room.lv\/en\/wp-json\/wp\/v2\/product"}],"about":[{"href":"https:\/\/4room.lv\/en\/wp-json\/wp\/v2\/types\/product"}],"wp:featuredmedia":[{"embeddable":true,"href":"https:\/\/4room.lv\/en\/wp-json\/wp\/v2\/media\/153178"}],"wp:attachment":[{"href":"https:\/\/4room.lv\/en\/wp-json\/wp\/v2\/media?parent=153177"}],"wp:term":[{"taxonomy":"product_cat","embeddable":true,"href":"https:\/\/4room.lv\/en\/wp-json\/wp\/v2\/product_cat?post=153177"},{"taxonomy":"product_tag","embeddable":true,"href":"https:\/\/4room.lv\/en\/wp-json\/wp\/v2\/product_tag?post=153177"}],"curies":[{"name":"wp","href":"https:\/\/api.w.org\/{rel}","templated":true}]}}