{"id":153206,"date":"2024-02-05T17:01:29","date_gmt":"2024-02-05T15:01:29","guid":{"rendered":"https:\/\/4room.lv\/?post_type=product&#038;p=153206"},"modified":"2025-11-20T17:19:46","modified_gmt":"2025-11-20T15:19:46","slug":"hunter-sofa-3-seater-navy","status":"publish","type":"product","link":"https:\/\/4room.lv\/en\/veikals\/mebeles\/divani\/hunter-sofa-3-seater-navy\/","title":{"rendered":"Hunter Sofa 3-seater Navy"},"content":{"rendered":"","protected":false},"excerpt":{"rendered":"<p>3 &#8211; viet\u012bgs d\u012bv\u0101ns Hunter \/ Kr\u0101sa : tum\u0161i zila \/ Izm\u0113ri : 100 X 318 X 87<\/p>\n","protected":false},"featured_media":153207,"template":"","meta":[],"product_cat":[129,145],"product_tag":[],"class_list":{"0":"post-153206","1":"product","2":"type-product","3":"status-publish","4":"has-post-thumbnail","6":"product_brand-zuiver","7":"product_cat-mebeles","8":"product_cat-divani","10":"first","11":"instock","12":"sale","13":"shipping-taxable","14":"purchasable","15":"product-type-simple"},"_links":{"self":[{"href":"https:\/\/4room.lv\/en\/wp-json\/wp\/v2\/product\/153206","targetHints":{"allow":["GET"]}}],"collection":[{"href":"https:\/\/4room.lv\/en\/wp-json\/wp\/v2\/product"}],"about":[{"href":"https:\/\/4room.lv\/en\/wp-json\/wp\/v2\/types\/product"}],"wp:featuredmedia":[{"embeddable":true,"href":"https:\/\/4room.lv\/en\/wp-json\/wp\/v2\/media\/153207"}],"wp:attachment":[{"href":"https:\/\/4room.lv\/en\/wp-json\/wp\/v2\/media?parent=153206"}],"wp:term":[{"taxonomy":"product_cat","embeddable":true,"href":"https:\/\/4room.lv\/en\/wp-json\/wp\/v2\/product_cat?post=153206"},{"taxonomy":"product_tag","embeddable":true,"href":"https:\/\/4room.lv\/en\/wp-json\/wp\/v2\/product_tag?post=153206"}],"curies":[{"name":"wp","href":"https:\/\/api.w.org\/{rel}","templated":true}]}}