{"id":153245,"date":"2024-02-05T16:58:09","date_gmt":"2024-02-05T14:58:09","guid":{"rendered":"https:\/\/4room.lv\/?post_type=product&#038;p=153245"},"modified":"2024-02-05T16:58:09","modified_gmt":"2024-02-05T14:58:09","slug":"kate-2-seater-boucle-beige","status":"publish","type":"product","link":"https:\/\/4room.lv\/en\/veikals\/mebeles\/divani\/kate-2-seater-boucle-beige\/","title":{"rendered":"Kate 2 Seater Boucl\u00e9 Beige"},"content":{"rendered":"","protected":false},"excerpt":{"rendered":"<p>D\u012bv\u0101ns Kate \/ Kr\u0101sa : b\u0113\u0161a \/ Materi\u0101ls : bukl\u0113 \/ Izm\u0113ri : 150 X 79 X 81<\/p>\n","protected":false},"featured_media":153246,"template":"","meta":[],"product_cat":[129,145],"product_tag":[],"class_list":{"0":"post-153245","1":"product","2":"type-product","3":"status-publish","4":"has-post-thumbnail","6":"product_brand-dutch-bone","7":"product_cat-mebeles","8":"product_cat-divani","10":"first","11":"instock","12":"shipping-taxable","13":"purchasable","14":"product-type-simple"},"_links":{"self":[{"href":"https:\/\/4room.lv\/en\/wp-json\/wp\/v2\/product\/153245","targetHints":{"allow":["GET"]}}],"collection":[{"href":"https:\/\/4room.lv\/en\/wp-json\/wp\/v2\/product"}],"about":[{"href":"https:\/\/4room.lv\/en\/wp-json\/wp\/v2\/types\/product"}],"wp:featuredmedia":[{"embeddable":true,"href":"https:\/\/4room.lv\/en\/wp-json\/wp\/v2\/media\/153246"}],"wp:attachment":[{"href":"https:\/\/4room.lv\/en\/wp-json\/wp\/v2\/media?parent=153245"}],"wp:term":[{"taxonomy":"product_cat","embeddable":true,"href":"https:\/\/4room.lv\/en\/wp-json\/wp\/v2\/product_cat?post=153245"},{"taxonomy":"product_tag","embeddable":true,"href":"https:\/\/4room.lv\/en\/wp-json\/wp\/v2\/product_tag?post=153245"}],"curies":[{"name":"wp","href":"https:\/\/api.w.org\/{rel}","templated":true}]}}