{"id":153445,"date":"2024-04-01T08:50:22","date_gmt":"2024-04-01T05:50:22","guid":{"rendered":"https:\/\/4room.lv\/?post_type=product&#038;p=153445"},"modified":"2024-04-03T08:58:26","modified_gmt":"2024-04-03T05:58:26","slug":"divans-solei","status":"publish","type":"product","link":"https:\/\/4room.lv\/en\/veikals\/mebeles\/divani\/divans-solei\/","title":{"rendered":"D\u012bv\u0101ns Solei"},"content":{"rendered":"","protected":false},"excerpt":{"rendered":"<p>D\u012bv\u0101ns Solei \/ Kr\u0101sa : kr\u0113mkr\u0101sa \/ Izm\u0113ri : 250&#215;110 \/ K\u0101jas : koka<\/p>\n","protected":false},"featured_media":153446,"template":"","meta":[],"product_cat":[129,145],"product_tag":[],"class_list":{"0":"post-153445","1":"product","2":"type-product","3":"status-publish","4":"has-post-thumbnail","6":"product_brand-ermatiko","7":"product_cat-mebeles","8":"product_cat-divani","10":"first","11":"instock","12":"sale","13":"shipping-taxable","14":"purchasable","15":"product-type-simple"},"_links":{"self":[{"href":"https:\/\/4room.lv\/en\/wp-json\/wp\/v2\/product\/153445","targetHints":{"allow":["GET"]}}],"collection":[{"href":"https:\/\/4room.lv\/en\/wp-json\/wp\/v2\/product"}],"about":[{"href":"https:\/\/4room.lv\/en\/wp-json\/wp\/v2\/types\/product"}],"wp:featuredmedia":[{"embeddable":true,"href":"https:\/\/4room.lv\/en\/wp-json\/wp\/v2\/media\/153446"}],"wp:attachment":[{"href":"https:\/\/4room.lv\/en\/wp-json\/wp\/v2\/media?parent=153445"}],"wp:term":[{"taxonomy":"product_cat","embeddable":true,"href":"https:\/\/4room.lv\/en\/wp-json\/wp\/v2\/product_cat?post=153445"},{"taxonomy":"product_tag","embeddable":true,"href":"https:\/\/4room.lv\/en\/wp-json\/wp\/v2\/product_tag?post=153445"}],"curies":[{"name":"wp","href":"https:\/\/api.w.org\/{rel}","templated":true}]}}