{"id":153464,"date":"2024-02-21T20:39:37","date_gmt":"2024-02-21T18:39:37","guid":{"rendered":"https:\/\/4room.lv\/?post_type=product&#038;p=153464"},"modified":"2025-11-13T16:17:46","modified_gmt":"2025-11-13T14:17:46","slug":"izvelkams-italu-galds-floyd","status":"publish","type":"product","link":"https:\/\/4room.lv\/en\/veikals\/mebeles\/galdi\/izvelkams-italu-galds-floyd\/","title":{"rendered":"Izvelkams it\u0101\u013cu galds Floyd"},"content":{"rendered":"","protected":false},"excerpt":{"rendered":"<p>Izvelkams it\u0101\u013cu galds Floyd \/ Kr\u0101sa: melns\/termoozols \/ Met\u0101la k\u0101jas un ozola pamatne \/ Izm\u0113ri : 160&#215;75 l\u012bdz 250&#215;75<\/p>\n","protected":false},"featured_media":153465,"template":"","meta":[],"product_cat":[129,142],"product_tag":[],"class_list":{"0":"post-153464","1":"product","2":"type-product","3":"status-publish","4":"has-post-thumbnail","6":"product_brand-capodarte","7":"product_cat-mebeles","8":"product_cat-galdi","10":"first","11":"instock","12":"shipping-taxable","13":"purchasable","14":"product-type-simple"},"_links":{"self":[{"href":"https:\/\/4room.lv\/en\/wp-json\/wp\/v2\/product\/153464","targetHints":{"allow":["GET"]}}],"collection":[{"href":"https:\/\/4room.lv\/en\/wp-json\/wp\/v2\/product"}],"about":[{"href":"https:\/\/4room.lv\/en\/wp-json\/wp\/v2\/types\/product"}],"wp:featuredmedia":[{"embeddable":true,"href":"https:\/\/4room.lv\/en\/wp-json\/wp\/v2\/media\/153465"}],"wp:attachment":[{"href":"https:\/\/4room.lv\/en\/wp-json\/wp\/v2\/media?parent=153464"}],"wp:term":[{"taxonomy":"product_cat","embeddable":true,"href":"https:\/\/4room.lv\/en\/wp-json\/wp\/v2\/product_cat?post=153464"},{"taxonomy":"product_tag","embeddable":true,"href":"https:\/\/4room.lv\/en\/wp-json\/wp\/v2\/product_tag?post=153464"}],"curies":[{"name":"wp","href":"https:\/\/api.w.org\/{rel}","templated":true}]}}