{"id":153487,"date":"2024-02-21T20:42:58","date_gmt":"2024-02-21T18:42:58","guid":{"rendered":"https:\/\/4room.lv\/?post_type=product&#038;p=153487"},"modified":"2025-11-13T16:16:57","modified_gmt":"2025-11-13T14:16:57","slug":"italu-spogulis-move","status":"publish","type":"product","link":"https:\/\/4room.lv\/en\/veikals\/interjeram\/spoguli\/italu-spogulis-move\/","title":{"rendered":"It\u0101\u013cu spogulis Move"},"content":{"rendered":"","protected":false},"excerpt":{"rendered":"<p>It\u0101\u013cu spogulis Move \/ kr\u0101sa : d\u016bmakains \/ Izm\u0113rs : 72x80cm<\/p>\n","protected":false},"featured_media":153488,"template":"","meta":[],"product_cat":[130,134],"product_tag":[],"class_list":{"0":"post-153487","1":"product","2":"type-product","3":"status-publish","4":"has-post-thumbnail","6":"product_brand-capodarte","7":"product_cat-interjeram","8":"product_cat-spoguli","10":"first","11":"instock","12":"sale","13":"shipping-taxable","14":"purchasable","15":"product-type-simple"},"_links":{"self":[{"href":"https:\/\/4room.lv\/en\/wp-json\/wp\/v2\/product\/153487","targetHints":{"allow":["GET"]}}],"collection":[{"href":"https:\/\/4room.lv\/en\/wp-json\/wp\/v2\/product"}],"about":[{"href":"https:\/\/4room.lv\/en\/wp-json\/wp\/v2\/types\/product"}],"wp:featuredmedia":[{"embeddable":true,"href":"https:\/\/4room.lv\/en\/wp-json\/wp\/v2\/media\/153488"}],"wp:attachment":[{"href":"https:\/\/4room.lv\/en\/wp-json\/wp\/v2\/media?parent=153487"}],"wp:term":[{"taxonomy":"product_cat","embeddable":true,"href":"https:\/\/4room.lv\/en\/wp-json\/wp\/v2\/product_cat?post=153487"},{"taxonomy":"product_tag","embeddable":true,"href":"https:\/\/4room.lv\/en\/wp-json\/wp\/v2\/product_tag?post=153487"}],"curies":[{"name":"wp","href":"https:\/\/api.w.org\/{rel}","templated":true}]}}