{"id":153706,"date":"2025-02-15T14:28:36","date_gmt":"2025-02-15T12:28:36","guid":{"rendered":"https:\/\/4room.lv\/?post_type=product&#038;p=153706"},"modified":"2025-02-16T12:19:27","modified_gmt":"2025-02-16T10:19:27","slug":"pendant-lamp-dallas","status":"publish","type":"product","link":"https:\/\/4room.lv\/en\/veikals\/apgaismojums\/dekorativais\/pendant-lamp-dallas\/","title":{"rendered":"Pendant lamp Dallas"},"content":{"rendered":"","protected":false},"excerpt":{"rendered":"<p>Gais\u012bgs un elegants iek\u0101rts gaismeklis uz met\u0101la r\u0101mja ar balta mat\u0113ta stikla kupoliem 11gab. Main\u0101mas G9 spuldzes (neietilpst komplekt\u0101cij\u0101)<\/p>\n<p>&nbsp;<\/p>\n","protected":false},"featured_media":153710,"template":"","meta":[],"product_cat":[127,147],"product_tag":[],"class_list":{"0":"post-153706","1":"product","2":"type-product","3":"status-publish","4":"has-post-thumbnail","6":"product_brand-maytoni","7":"product_cat-apgaismojums","8":"product_cat-dekorativais","10":"first","11":"instock","12":"sale","13":"shipping-taxable","14":"purchasable","15":"product-type-simple"},"_links":{"self":[{"href":"https:\/\/4room.lv\/en\/wp-json\/wp\/v2\/product\/153706","targetHints":{"allow":["GET"]}}],"collection":[{"href":"https:\/\/4room.lv\/en\/wp-json\/wp\/v2\/product"}],"about":[{"href":"https:\/\/4room.lv\/en\/wp-json\/wp\/v2\/types\/product"}],"wp:featuredmedia":[{"embeddable":true,"href":"https:\/\/4room.lv\/en\/wp-json\/wp\/v2\/media\/153710"}],"wp:attachment":[{"href":"https:\/\/4room.lv\/en\/wp-json\/wp\/v2\/media?parent=153706"}],"wp:term":[{"taxonomy":"product_cat","embeddable":true,"href":"https:\/\/4room.lv\/en\/wp-json\/wp\/v2\/product_cat?post=153706"},{"taxonomy":"product_tag","embeddable":true,"href":"https:\/\/4room.lv\/en\/wp-json\/wp\/v2\/product_tag?post=153706"}],"curies":[{"name":"wp","href":"https:\/\/api.w.org\/{rel}","templated":true}]}}