{"id":153752,"date":"2025-02-15T18:56:30","date_gmt":"2025-02-15T16:56:30","guid":{"rendered":"https:\/\/4room.lv\/?post_type=product&#038;p=153752"},"modified":"2025-02-19T16:19:32","modified_gmt":"2025-02-19T14:19:32","slug":"spirit-royal-o800mm-monaco-chocolate-brown","status":"publish","type":"product","link":"https:\/\/4room.lv\/en\/veikals\/apgaismojums\/dekorativais\/spirit-royal-o800mm-monaco-chocolate-brown\/","title":{"rendered":"Spirit Royal  \u00f8800mm Monaco Chocolate brown"},"content":{"rendered":"","protected":false},"excerpt":{"rendered":"<p>Unik\u0101ls gaismeklis, kas ir roku darbs no 4ROOM, akutal\u0101j\u0101 sul\u012bg\u0101 \u0161okol\u0101des sat\u012bn\u0101. Lieliski aizpild\u012bs telpu un b\u016bs k\u0101 iespaid\u012bgs akcents, radot interesantu gaismas sp\u0113li telp\u0101. Garant\u0113ta visaugst\u0101k\u0101 kvalit\u0101te ik deta\u013c\u0101!<\/p>\n<p>Uz pas\u016bt\u012bjumu pieejamas da\u017e\u0101das apdares. Jaut\u0101jumu gad\u012bjum\u0101 dro\u0161i sazinieties ar mums.<\/p>\n","protected":false},"featured_media":153756,"template":"","meta":[],"product_cat":[1058,127,147],"product_tag":[],"class_list":{"0":"post-153752","1":"product","2":"type-product","3":"status-publish","4":"has-post-thumbnail","6":"product_brand-4room","7":"product_cat-dizaina","8":"product_cat-apgaismojums","9":"product_cat-dekorativais","11":"first","12":"instock","13":"shipping-taxable","14":"purchasable","15":"product-type-simple","16":"hongo-alternate-image-wrap"},"_links":{"self":[{"href":"https:\/\/4room.lv\/en\/wp-json\/wp\/v2\/product\/153752","targetHints":{"allow":["GET"]}}],"collection":[{"href":"https:\/\/4room.lv\/en\/wp-json\/wp\/v2\/product"}],"about":[{"href":"https:\/\/4room.lv\/en\/wp-json\/wp\/v2\/types\/product"}],"wp:featuredmedia":[{"embeddable":true,"href":"https:\/\/4room.lv\/en\/wp-json\/wp\/v2\/media\/153756"}],"wp:attachment":[{"href":"https:\/\/4room.lv\/en\/wp-json\/wp\/v2\/media?parent=153752"}],"wp:term":[{"taxonomy":"product_cat","embeddable":true,"href":"https:\/\/4room.lv\/en\/wp-json\/wp\/v2\/product_cat?post=153752"},{"taxonomy":"product_tag","embeddable":true,"href":"https:\/\/4room.lv\/en\/wp-json\/wp\/v2\/product_tag?post=153752"}],"curies":[{"name":"wp","href":"https:\/\/api.w.org\/{rel}","templated":true}]}}