{"id":153858,"date":"2025-02-16T11:26:10","date_gmt":"2025-02-16T09:26:10","guid":{"rendered":"https:\/\/4room.lv\/?post_type=product&#038;p=153858"},"modified":"2026-01-05T16:25:29","modified_gmt":"2026-01-05T14:25:29","slug":"flying-ball-led-suspended","status":"publish","type":"product","link":"https:\/\/4room.lv\/en\/veikals\/apgaismojums\/dekorativais\/flying-ball-led-suspended\/","title":{"rendered":"FLYING BALL Led suspended"},"content":{"rendered":"","protected":false},"excerpt":{"rendered":"<p>Arhitektu\u0101ls, minim\u0101lism\u0101 ietur\u0113ts gaismeklis no profesion\u0101l\u0101 apgaismojuma ra\u017eot\u0101ja AQForm. B\u016bs piem\u0113rots gan priv\u0101tm\u0101jai, gan ofisam. Augstv\u0113rt\u012bgs Led un kvalitat\u012bvi materi\u0101li ar uzman\u012bbu pret deta\u013c\u0101m.<\/p>\n<p>Melns metala r\u0101mis ar mat\u0113ta balta stikla kupoliem.<\/p>\n<p>&nbsp;<\/p>\n","protected":false},"featured_media":153859,"template":"","meta":[],"product_cat":[1058,127,148,147],"product_tag":[],"class_list":{"0":"post-153858","1":"product","2":"type-product","3":"status-publish","4":"has-post-thumbnail","6":"product_brand-aqform","7":"product_cat-dizaina","8":"product_cat-apgaismojums","9":"product_cat-arhitekturalais","10":"product_cat-dekorativais","12":"first","13":"instock","14":"shipping-taxable","15":"purchasable","16":"product-type-simple"},"_links":{"self":[{"href":"https:\/\/4room.lv\/en\/wp-json\/wp\/v2\/product\/153858","targetHints":{"allow":["GET"]}}],"collection":[{"href":"https:\/\/4room.lv\/en\/wp-json\/wp\/v2\/product"}],"about":[{"href":"https:\/\/4room.lv\/en\/wp-json\/wp\/v2\/types\/product"}],"wp:featuredmedia":[{"embeddable":true,"href":"https:\/\/4room.lv\/en\/wp-json\/wp\/v2\/media\/153859"}],"wp:attachment":[{"href":"https:\/\/4room.lv\/en\/wp-json\/wp\/v2\/media?parent=153858"}],"wp:term":[{"taxonomy":"product_cat","embeddable":true,"href":"https:\/\/4room.lv\/en\/wp-json\/wp\/v2\/product_cat?post=153858"},{"taxonomy":"product_tag","embeddable":true,"href":"https:\/\/4room.lv\/en\/wp-json\/wp\/v2\/product_tag?post=153858"}],"curies":[{"name":"wp","href":"https:\/\/api.w.org\/{rel}","templated":true}]}}