{"id":153912,"date":"2025-02-16T17:05:02","date_gmt":"2025-02-16T15:05:02","guid":{"rendered":"https:\/\/4room.lv\/?post_type=product&#038;p=153912"},"modified":"2025-02-16T17:44:37","modified_gmt":"2025-02-16T15:44:37","slug":"nautilus-matte-white","status":"publish","type":"product","link":"https:\/\/4room.lv\/en\/veikals\/apgaismojums\/dekorativais\/nautilus-matte-white\/","title":{"rendered":"Nautilus matte white"},"content":{"rendered":"","protected":false},"excerpt":{"rendered":"<p>Elegants virsapmetuma spots no It\u0101\u013cu ra\u017eot\u0101ja Lodes. Perfekta proporcija un pl\u016bsto\u0161as formas. Elegants un m\u016bsdien\u012bgs risin\u0101jums ar ko aizst\u0101t ierast\u0101s tehnisk\u0101s spotgaismas.<\/p>\n<p>Gaismeklis ir lok\u0101ms, gaisma novirz\u0101ma v\u0113lamaj\u0101 virzien\u0101. Tam ir jaud\u012bgs un kvalitat\u012bvs Led. Gaisma tiek vienm\u0113r\u012bgi izklied\u0113ta pateicoties skaistajai stikla l\u0113cai, kas ir \u0161\u012b gaismek\u013ca dizaina akcents.<\/p>\n<p>Pieejams ar\u012b citos to\u0146os un spektros. Dro\u0161i sazinieties ar mums ja v\u0113lama cita komplekt\u0101cija.<\/p>\n","protected":false},"featured_media":153928,"template":"","meta":[],"product_cat":[1058,127,148,147],"product_tag":[],"class_list":{"0":"post-153912","1":"product","2":"type-product","3":"status-publish","4":"has-post-thumbnail","6":"product_brand-lodes","7":"product_cat-dizaina","8":"product_cat-apgaismojums","9":"product_cat-arhitekturalais","10":"product_cat-dekorativais","12":"first","13":"instock","14":"shipping-taxable","15":"purchasable","16":"product-type-simple","17":"hongo-alternate-image-wrap"},"_links":{"self":[{"href":"https:\/\/4room.lv\/en\/wp-json\/wp\/v2\/product\/153912","targetHints":{"allow":["GET"]}}],"collection":[{"href":"https:\/\/4room.lv\/en\/wp-json\/wp\/v2\/product"}],"about":[{"href":"https:\/\/4room.lv\/en\/wp-json\/wp\/v2\/types\/product"}],"wp:featuredmedia":[{"embeddable":true,"href":"https:\/\/4room.lv\/en\/wp-json\/wp\/v2\/media\/153928"}],"wp:attachment":[{"href":"https:\/\/4room.lv\/en\/wp-json\/wp\/v2\/media?parent=153912"}],"wp:term":[{"taxonomy":"product_cat","embeddable":true,"href":"https:\/\/4room.lv\/en\/wp-json\/wp\/v2\/product_cat?post=153912"},{"taxonomy":"product_tag","embeddable":true,"href":"https:\/\/4room.lv\/en\/wp-json\/wp\/v2\/product_tag?post=153912"}],"curies":[{"name":"wp","href":"https:\/\/api.w.org\/{rel}","templated":true}]}}