{"id":153931,"date":"2025-02-16T17:43:18","date_gmt":"2025-02-16T15:43:18","guid":{"rendered":"https:\/\/4room.lv\/?post_type=product&#038;p=153931"},"modified":"2025-02-16T17:43:18","modified_gmt":"2025-02-16T15:43:18","slug":"suspension-bamboo-l-rouge","status":"publish","type":"product","link":"https:\/\/4room.lv\/en\/veikals\/apgaismojums\/dekorativais\/suspension-bamboo-l-rouge\/","title":{"rendered":"Suspension bamboo L rouge"},"content":{"rendered":"","protected":false},"excerpt":{"rendered":"<p>Francij\u0101 b\u0101z\u0113t\u0101 ra\u017eot\u0101ja Forestier atpaz\u012bstam\u0101kie gaismek\u013ci &#8211; Bamboo<\/p>\n<p>K\u0101 jau nosaukums liecina, tie rad\u012bti no bambusa iedvesmojoties no \u0100zijas latern\u0101m. Gaismeklis vislab\u0101k izskat\u012bsies kombin\u0101cij\u0101 ar vair\u0101kiem \u0161\u012bs s\u0113rijas gaismek\u013ciem, dekorat\u012bvam un m\u0101j\u012bgam apgaismojumam.<\/p>\n","protected":false},"featured_media":153935,"template":"","meta":[],"product_cat":[1058,127,147],"product_tag":[],"class_list":{"0":"post-153931","1":"product","2":"type-product","3":"status-publish","4":"has-post-thumbnail","6":"product_brand-forestier","7":"product_cat-dizaina","8":"product_cat-apgaismojums","9":"product_cat-dekorativais","11":"first","12":"instock","13":"shipping-taxable","14":"purchasable","15":"product-type-simple","16":"hongo-alternate-image-wrap"},"_links":{"self":[{"href":"https:\/\/4room.lv\/en\/wp-json\/wp\/v2\/product\/153931","targetHints":{"allow":["GET"]}}],"collection":[{"href":"https:\/\/4room.lv\/en\/wp-json\/wp\/v2\/product"}],"about":[{"href":"https:\/\/4room.lv\/en\/wp-json\/wp\/v2\/types\/product"}],"wp:featuredmedia":[{"embeddable":true,"href":"https:\/\/4room.lv\/en\/wp-json\/wp\/v2\/media\/153935"}],"wp:attachment":[{"href":"https:\/\/4room.lv\/en\/wp-json\/wp\/v2\/media?parent=153931"}],"wp:term":[{"taxonomy":"product_cat","embeddable":true,"href":"https:\/\/4room.lv\/en\/wp-json\/wp\/v2\/product_cat?post=153931"},{"taxonomy":"product_tag","embeddable":true,"href":"https:\/\/4room.lv\/en\/wp-json\/wp\/v2\/product_tag?post=153931"}],"curies":[{"name":"wp","href":"https:\/\/api.w.org\/{rel}","templated":true}]}}