{"id":154041,"date":"2025-02-18T11:44:15","date_gmt":"2025-02-18T09:44:15","guid":{"rendered":"https:\/\/4room.lv\/?post_type=product&#038;p=154041"},"modified":"2025-12-28T19:19:00","modified_gmt":"2025-12-28T17:19:00","slug":"sofa-giada-3-seater-plum","status":"publish","type":"product","link":"https:\/\/4room.lv\/en\/veikals\/mebeles\/divani\/sofa-giada-3-seater-plum\/","title":{"rendered":"Sofa Giada 3-Seater Plum"},"content":{"rendered":"","protected":false},"excerpt":{"rendered":"<p>Ja mekl\u0113jat d\u012bv\u0101nu ar k\u0101 odzi\u0146u, tad \u0161is sul\u012bgaj\u0101 pl\u016bmju ton\u012b var\u0113tu b\u016bt \u012bstais! M\u012bksts, dzi\u013c\u0161, m\u012bksts un maiga auduma. Tie\u0161i t\u0101ds kur\u0101 grib\u0113sies ieritin\u0101ties filmu vakaram. M\u016bsdien\u012bgs, bet ar retro pieska\u0146u. B\u016bs piem\u0113rots tiem, kas vel\u0101s telp\u0101 dizainisku, bet m\u0101j\u012bgu d\u012bv\u0101nu, kas nezaud\u0113s aktualit\u0101ti.<\/p>\n<p>\u0160im d\u012bvanam mode\u013ci ar\u012b ir sastumjami kop\u0101, ja pras\u0101s liel\u0101ku vai st\u016bra komplekt\u0101ciju. Ja neatrodiet lap\u0101, dro\u0161i sazinieties ar mums un pal\u012bdz\u0113sim.<\/p>\n","protected":false},"featured_media":154042,"template":"","meta":[],"product_cat":[129,145],"product_tag":[],"class_list":{"0":"post-154041","1":"product","2":"type-product","3":"status-publish","4":"has-post-thumbnail","6":"product_brand-dutch-bone","7":"product_brand-white-label-living","8":"product_brand-zuiver","9":"product_cat-mebeles","10":"product_cat-divani","12":"first","13":"instock","14":"shipping-taxable","15":"purchasable","16":"product-type-simple","17":"hongo-alternate-image-wrap"},"_links":{"self":[{"href":"https:\/\/4room.lv\/en\/wp-json\/wp\/v2\/product\/154041","targetHints":{"allow":["GET"]}}],"collection":[{"href":"https:\/\/4room.lv\/en\/wp-json\/wp\/v2\/product"}],"about":[{"href":"https:\/\/4room.lv\/en\/wp-json\/wp\/v2\/types\/product"}],"wp:featuredmedia":[{"embeddable":true,"href":"https:\/\/4room.lv\/en\/wp-json\/wp\/v2\/media\/154042"}],"wp:attachment":[{"href":"https:\/\/4room.lv\/en\/wp-json\/wp\/v2\/media?parent=154041"}],"wp:term":[{"taxonomy":"product_cat","embeddable":true,"href":"https:\/\/4room.lv\/en\/wp-json\/wp\/v2\/product_cat?post=154041"},{"taxonomy":"product_tag","embeddable":true,"href":"https:\/\/4room.lv\/en\/wp-json\/wp\/v2\/product_tag?post=154041"}],"curies":[{"name":"wp","href":"https:\/\/api.w.org\/{rel}","templated":true}]}}