{"id":154104,"date":"2025-02-19T19:34:03","date_gmt":"2025-02-19T17:34:03","guid":{"rendered":"https:\/\/4room.lv\/?post_type=product&#038;p=154104"},"modified":"2025-02-19T19:34:04","modified_gmt":"2025-02-19T17:34:04","slug":"jokey-transparent-wall-lamp","status":"publish","type":"product","link":"https:\/\/4room.lv\/en\/veikals\/apgaismojums\/dekorativais\/jokey-transparent-wall-lamp\/","title":{"rendered":"Jokey transparent  wall lamp"},"content":{"rendered":"","protected":false},"excerpt":{"rendered":"<p>Glu\u017ei k\u0101 konfekte! \u0160\u012b eleganta stikla sienas lampa rad\u012bs skaistu un interesantu efektu uz sienas. Gaismeklis izgaismo pa perimetru gaismu, ko maigi lau\u017e stikls, radot pat\u012bkamu noska\u0146as gaismu.<\/p>\n<p>Gaismeklis ir 28cm diametr\u0101 un pieejams vairakos to\u0146os.<\/p>\n<p>&nbsp;<\/p>\n","protected":false},"featured_media":154111,"template":"","meta":[],"product_cat":[127,147],"product_tag":[],"class_list":{"0":"post-154104","1":"product","2":"type-product","3":"status-publish","4":"has-post-thumbnail","6":"product_brand-ondaluce","7":"product_cat-apgaismojums","8":"product_cat-dekorativais","10":"first","11":"instock","12":"sale","13":"shipping-taxable","14":"purchasable","15":"product-type-simple","16":"hongo-alternate-image-wrap"},"_links":{"self":[{"href":"https:\/\/4room.lv\/en\/wp-json\/wp\/v2\/product\/154104","targetHints":{"allow":["GET"]}}],"collection":[{"href":"https:\/\/4room.lv\/en\/wp-json\/wp\/v2\/product"}],"about":[{"href":"https:\/\/4room.lv\/en\/wp-json\/wp\/v2\/types\/product"}],"wp:featuredmedia":[{"embeddable":true,"href":"https:\/\/4room.lv\/en\/wp-json\/wp\/v2\/media\/154111"}],"wp:attachment":[{"href":"https:\/\/4room.lv\/en\/wp-json\/wp\/v2\/media?parent=154104"}],"wp:term":[{"taxonomy":"product_cat","embeddable":true,"href":"https:\/\/4room.lv\/en\/wp-json\/wp\/v2\/product_cat?post=154104"},{"taxonomy":"product_tag","embeddable":true,"href":"https:\/\/4room.lv\/en\/wp-json\/wp\/v2\/product_tag?post=154104"}],"curies":[{"name":"wp","href":"https:\/\/api.w.org\/{rel}","templated":true}]}}