{"id":154201,"date":"2025-02-24T12:02:52","date_gmt":"2025-02-24T10:02:52","guid":{"rendered":"https:\/\/4room.lv\/?post_type=product&#038;p=154201"},"modified":"2025-02-24T12:02:52","modified_gmt":"2025-02-24T10:02:52","slug":"dicte-floor-lamp-beige","status":"publish","type":"product","link":"https:\/\/4room.lv\/en\/veikals\/apgaismojums\/dekorativais\/dicte-floor-lamp-beige\/","title":{"rendered":"Dicte floor lamp beige"},"content":{"rendered":"","protected":false},"excerpt":{"rendered":"<p>SKaista p\u0101rkares st\u0101vlampa, ar stabilu met\u0101la k\u0101ju un plis\u0113tu b\u0113\u0161u aba\u017e\u016bru. Lieliska pie d\u012bv\u0101na vai atp\u016btas kr\u0113sla.<\/p>\n","protected":false},"featured_media":154202,"template":"","meta":[],"product_cat":[127,147],"product_tag":[],"class_list":{"0":"post-154201","1":"product","2":"type-product","3":"status-publish","4":"has-post-thumbnail","6":"product_brand-nordlux","7":"product_cat-apgaismojums","8":"product_cat-dekorativais","10":"first","11":"instock","12":"shipping-taxable","13":"purchasable","14":"product-type-simple","15":"hongo-alternate-image-wrap"},"_links":{"self":[{"href":"https:\/\/4room.lv\/en\/wp-json\/wp\/v2\/product\/154201","targetHints":{"allow":["GET"]}}],"collection":[{"href":"https:\/\/4room.lv\/en\/wp-json\/wp\/v2\/product"}],"about":[{"href":"https:\/\/4room.lv\/en\/wp-json\/wp\/v2\/types\/product"}],"wp:featuredmedia":[{"embeddable":true,"href":"https:\/\/4room.lv\/en\/wp-json\/wp\/v2\/media\/154202"}],"wp:attachment":[{"href":"https:\/\/4room.lv\/en\/wp-json\/wp\/v2\/media?parent=154201"}],"wp:term":[{"taxonomy":"product_cat","embeddable":true,"href":"https:\/\/4room.lv\/en\/wp-json\/wp\/v2\/product_cat?post=154201"},{"taxonomy":"product_tag","embeddable":true,"href":"https:\/\/4room.lv\/en\/wp-json\/wp\/v2\/product_tag?post=154201"}],"curies":[{"name":"wp","href":"https:\/\/api.w.org\/{rel}","templated":true}]}}