{"id":154322,"date":"2025-02-26T10:26:07","date_gmt":"2025-02-26T08:26:07","guid":{"rendered":"https:\/\/4room.lv\/?post_type=product&#038;p=154322"},"modified":"2025-02-26T10:26:07","modified_gmt":"2025-02-26T08:26:07","slug":"lucera-1-5-seater-chaiselong-%c2%b7-fabric-matino-%c2%b7-natural","status":"publish","type":"product","link":"https:\/\/4room.lv\/en\/veikals\/mebeles\/divani\/lucera-1-5-seater-chaiselong-%c2%b7-fabric-matino-%c2%b7-natural\/","title":{"rendered":"Lucera 1.5 seater + Chaiselong \u00b7 Fabric Matino \u00b7 Natural"},"content":{"rendered":"","protected":false},"excerpt":{"rendered":"<p>\u0112rts un viegli interjer\u0101 integr\u0113jams st\u016bra d\u012bv\u0101ns. Konkr\u0113tais modelis ir ar m\u012bkstu b\u0113\u0161i pel\u0113ku auduma apdari. Flexlux d\u012bv\u0101niem ir kvalit\u0101tes garantija. Tiem ir sp\u0113c\u012bgs koka r\u0101mis, vair\u0101ki putu sl\u0101\u0146i, lai saglab\u0101tu formu ilg\u0101k un virsma zem materi\u0101la ir ar d\u016bn\u0101m, lai audums nel\u012bp pie putu sl\u0101\u0146a, k\u0101 ar\u012b nestaip\u0101s un saglab\u0101 izskatu.<\/p>\n<p>Ja ir v\u0113lme p\u0113c citas konfigur\u0101cijas vai materi\u0101la apdares, dro\u0161i sazinieties ar mums. Audumu\/\u0101das paraugi mums ir pieejami salon\u0101 pla\u0161\u0101 kl\u0101st\u0101. Un pieejamas vair\u0101kas konfigur\u0101cijas, gan st\u016bra, gan bez da\u017e\u0101dos izm\u0113ros.<\/p>\n<p>&nbsp;<\/p>\n","protected":false},"featured_media":154323,"template":"","meta":[],"product_cat":[129,145],"product_tag":[],"class_list":{"0":"post-154322","1":"product","2":"type-product","3":"status-publish","4":"has-post-thumbnail","6":"product_brand-flexlux","7":"product_cat-mebeles","8":"product_cat-divani","10":"first","11":"instock","12":"shipping-taxable","13":"purchasable","14":"product-type-simple","15":"hongo-alternate-image-wrap"},"_links":{"self":[{"href":"https:\/\/4room.lv\/en\/wp-json\/wp\/v2\/product\/154322","targetHints":{"allow":["GET"]}}],"collection":[{"href":"https:\/\/4room.lv\/en\/wp-json\/wp\/v2\/product"}],"about":[{"href":"https:\/\/4room.lv\/en\/wp-json\/wp\/v2\/types\/product"}],"wp:featuredmedia":[{"embeddable":true,"href":"https:\/\/4room.lv\/en\/wp-json\/wp\/v2\/media\/154323"}],"wp:attachment":[{"href":"https:\/\/4room.lv\/en\/wp-json\/wp\/v2\/media?parent=154322"}],"wp:term":[{"taxonomy":"product_cat","embeddable":true,"href":"https:\/\/4room.lv\/en\/wp-json\/wp\/v2\/product_cat?post=154322"},{"taxonomy":"product_tag","embeddable":true,"href":"https:\/\/4room.lv\/en\/wp-json\/wp\/v2\/product_tag?post=154322"}],"curies":[{"name":"wp","href":"https:\/\/api.w.org\/{rel}","templated":true}]}}