{"id":154424,"date":"2025-02-26T11:58:49","date_gmt":"2025-02-26T09:58:49","guid":{"rendered":"https:\/\/4room.lv\/?post_type=product&#038;p=154424"},"modified":"2025-02-26T11:58:49","modified_gmt":"2025-02-26T09:58:49","slug":"pendant-lamp-marble","status":"publish","type":"product","link":"https:\/\/4room.lv\/en\/veikals\/apgaismojums\/dekorativais\/pendant-lamp-marble\/","title":{"rendered":"Pendant lamp Marble"},"content":{"rendered":"","protected":false},"excerpt":{"rendered":"<p>Eleganta lustra, kas ieder\u0113sies k\u0101 j\u016bgenstila dz\u012bvokl\u012b, t\u0101 modern\u0101 jaunaj\u0101 projekt\u0101.\u00a0 Gaismeklim ir skaists bronzas r\u0101mis ar dab\u012bga meln\u0101 marmora akcentu. Sakar\u0101 ka marmors ir dab\u012bgs materi\u0101ls, t\u0101 dz\u012bslojums un tonis neb\u016bs visiem gaismek\u013ciem vien\u0101ds.<\/p>\n<p>Lustrai ir 6 zari ko rot\u0101 mat\u0113ta balta stikla lode, kur\u0101 ievietojama E27 spuldze. Attiec\u012bgi jaudu un spektru var\u0113siet izvel\u0113ties p\u0113c saviem ieskatiem no \u013coti pla\u0161\u0101 Led spuld\u017eu kl\u0101sta.<\/p>\n<p>&nbsp;<\/p>\n","protected":false},"featured_media":154425,"template":"","meta":[],"product_cat":[127,147],"product_tag":[],"class_list":{"0":"post-154424","1":"product","2":"type-product","3":"status-publish","4":"has-post-thumbnail","6":"product_brand-maytoni","7":"product_cat-apgaismojums","8":"product_cat-dekorativais","10":"first","11":"instock","12":"sale","13":"shipping-taxable","14":"purchasable","15":"product-type-simple"},"_links":{"self":[{"href":"https:\/\/4room.lv\/en\/wp-json\/wp\/v2\/product\/154424","targetHints":{"allow":["GET"]}}],"collection":[{"href":"https:\/\/4room.lv\/en\/wp-json\/wp\/v2\/product"}],"about":[{"href":"https:\/\/4room.lv\/en\/wp-json\/wp\/v2\/types\/product"}],"wp:featuredmedia":[{"embeddable":true,"href":"https:\/\/4room.lv\/en\/wp-json\/wp\/v2\/media\/154425"}],"wp:attachment":[{"href":"https:\/\/4room.lv\/en\/wp-json\/wp\/v2\/media?parent=154424"}],"wp:term":[{"taxonomy":"product_cat","embeddable":true,"href":"https:\/\/4room.lv\/en\/wp-json\/wp\/v2\/product_cat?post=154424"},{"taxonomy":"product_tag","embeddable":true,"href":"https:\/\/4room.lv\/en\/wp-json\/wp\/v2\/product_tag?post=154424"}],"curies":[{"name":"wp","href":"https:\/\/api.w.org\/{rel}","templated":true}]}}