{"id":154451,"date":"2025-02-26T15:08:59","date_gmt":"2025-02-26T13:08:59","guid":{"rendered":"https:\/\/4room.lv\/?post_type=product&#038;p=154451"},"modified":"2025-04-07T13:15:09","modified_gmt":"2025-04-07T10:15:09","slug":"gulta-caravaggio180","status":"publish","type":"product","link":"https:\/\/4room.lv\/en\/veikals\/mebeles\/gultas\/gulta-caravaggio180\/","title":{"rendered":"Gulta Caravaggio 180"},"content":{"rendered":"","protected":false},"excerpt":{"rendered":"<p>Eleganta it\u0101\u013cu dizaina gulta ar izteiksm\u012bgu galvgali. Gultai ir ar\u012b kaste uzglab\u0101\u0161anai. Apvilkta ar maigu b\u0113\u0161u audumu.\u00a0 Izm\u0113rs 180x200cm<\/p>\n<p>Gultas kompklekt\u0101cija ir main\u0101ma, jo tiek ra\u017eota p\u0113c pas\u016bt\u012bjuma. Ja v\u0113laties citu apdari vai komplekt\u0101ciju, dro\u0161i sazinieties ar mums!<\/p>\n","protected":false},"featured_media":154452,"template":"","meta":[],"product_cat":[129,146],"product_tag":[],"class_list":{"0":"post-154451","1":"product","2":"type-product","3":"status-publish","4":"has-post-thumbnail","6":"product_brand-lecomfort","7":"product_cat-mebeles","8":"product_cat-gultas","10":"first","11":"instock","12":"shipping-taxable","13":"purchasable","14":"product-type-simple","15":"hongo-alternate-image-wrap"},"_links":{"self":[{"href":"https:\/\/4room.lv\/en\/wp-json\/wp\/v2\/product\/154451","targetHints":{"allow":["GET"]}}],"collection":[{"href":"https:\/\/4room.lv\/en\/wp-json\/wp\/v2\/product"}],"about":[{"href":"https:\/\/4room.lv\/en\/wp-json\/wp\/v2\/types\/product"}],"wp:featuredmedia":[{"embeddable":true,"href":"https:\/\/4room.lv\/en\/wp-json\/wp\/v2\/media\/154452"}],"wp:attachment":[{"href":"https:\/\/4room.lv\/en\/wp-json\/wp\/v2\/media?parent=154451"}],"wp:term":[{"taxonomy":"product_cat","embeddable":true,"href":"https:\/\/4room.lv\/en\/wp-json\/wp\/v2\/product_cat?post=154451"},{"taxonomy":"product_tag","embeddable":true,"href":"https:\/\/4room.lv\/en\/wp-json\/wp\/v2\/product_tag?post=154451"}],"curies":[{"name":"wp","href":"https:\/\/api.w.org\/{rel}","templated":true}]}}