{"id":154464,"date":"2025-02-28T10:00:13","date_gmt":"2025-02-28T08:00:13","guid":{"rendered":"https:\/\/4room.lv\/?post_type=product&#038;p=154464"},"modified":"2025-02-28T10:03:13","modified_gmt":"2025-02-28T08:03:13","slug":"mapi-table-lamp-with-shade","status":"publish","type":"product","link":"https:\/\/4room.lv\/en\/veikals\/apgaismojums\/dekorativais\/mapi-table-lamp-with-shade\/","title":{"rendered":"Mapi table lamp with shade"},"content":{"rendered":"","protected":false},"excerpt":{"rendered":"<p>Jaunais Aromas modelis Mapi galda lampas izpild\u012bjum\u0101. Konkr\u0113tais modelis ir pat\u012bkami pavasar\u012bgos to\u0146os. Lampas b\u0101ze ir uz melna met\u0101la uz k\u0101 rot\u0101j\u0101s nude to\u0146a un pist\u0101ciju to\u0146a kupoli. Komplekt\u0101 ar interesantu plis\u0113tu aba\u017e\u016bru balt\u0101 kr\u0101s\u0101 labai gaismas caurlaid\u012bbai.<\/p>\n<p>Lampu ir iesp\u0113jams ieg\u0101d\u0101ties sav\u0101dak\u0101 komplekt\u0101cij\u0101, izv\u0113loties v\u0113lamo met\u0101la un kupolu to\u0146us, ka a\u0157\u012b sav\u0101d\u0101ku aba\u017e\u016bru. Ja nepeicie\u0161ama papildus inform\u0101cija, tad dro\u0161i vaic\u0101jiet mums.<\/p>\n","protected":false},"featured_media":154477,"template":"","meta":[],"product_cat":[1058,127,147],"product_tag":[],"class_list":{"0":"post-154464","1":"product","2":"type-product","3":"status-publish","4":"has-post-thumbnail","6":"product_brand-aromas-del-campo","7":"product_cat-dizaina","8":"product_cat-apgaismojums","9":"product_cat-dekorativais","11":"first","12":"instock","13":"shipping-taxable","14":"purchasable","15":"product-type-simple","16":"hongo-alternate-image-wrap"},"_links":{"self":[{"href":"https:\/\/4room.lv\/en\/wp-json\/wp\/v2\/product\/154464","targetHints":{"allow":["GET"]}}],"collection":[{"href":"https:\/\/4room.lv\/en\/wp-json\/wp\/v2\/product"}],"about":[{"href":"https:\/\/4room.lv\/en\/wp-json\/wp\/v2\/types\/product"}],"wp:featuredmedia":[{"embeddable":true,"href":"https:\/\/4room.lv\/en\/wp-json\/wp\/v2\/media\/154477"}],"wp:attachment":[{"href":"https:\/\/4room.lv\/en\/wp-json\/wp\/v2\/media?parent=154464"}],"wp:term":[{"taxonomy":"product_cat","embeddable":true,"href":"https:\/\/4room.lv\/en\/wp-json\/wp\/v2\/product_cat?post=154464"},{"taxonomy":"product_tag","embeddable":true,"href":"https:\/\/4room.lv\/en\/wp-json\/wp\/v2\/product_tag?post=154464"}],"curies":[{"name":"wp","href":"https:\/\/api.w.org\/{rel}","templated":true}]}}