{"id":154633,"date":"2025-03-06T10:46:31","date_gmt":"2025-03-06T08:46:31","guid":{"rendered":"https:\/\/4room.lv\/?post_type=product&#038;p=154633"},"modified":"2026-03-13T11:02:58","modified_gmt":"2026-03-13T09:02:58","slug":"milda-cube-wall-light-outdoor","status":"publish","type":"product","link":"https:\/\/4room.lv\/en\/veikals\/apgaismojums\/arhitekturalais\/milda-cube-wall-light-outdoor\/","title":{"rendered":"Milda cube wall light outdoor"},"content":{"rendered":"","protected":false},"excerpt":{"rendered":"<p>Led gaismeklis kas piem\u0113rots k\u0101 fas\u0101dei, ta iek\u0161telp\u0101m. Tam ir met\u0101la korpuss antrac\u012btpel\u0113k\u0101 kr\u0101s\u0101. Tam ir unikala funkcija, kas \u013cauj stara le\u0146\u0137i regul\u0113t, jo gaismeklim ir t\u0101di k\u0101 v\u0101rti\u0146i, kurus pieverot variet pan\u0101kt \u0161auraku le\u0146\u0137i, paverot plat\u0101k &#8211; plataku le\u0146\u0137i. Kas ir \u0113rti, ja gaismeklis atrodas, piem\u0113ram, tuvu logiem vai ar\u012b ir v\u0113lme izgaismot \u0161auru sienu, bakstu uc. Vai vienk\u0101rsi rad\u012bt interesantu gaismas sp\u0113li.<\/p>\n<p>Korpuss ir no\u0146emams. Kas noz\u012bm\u0113 ka gaismekli var\u0113s viegli not\u012br\u012bt, jas tas k\u013c\u016bs net\u012brs ar laiku.<\/p>\n<p>&nbsp;<\/p>\n","protected":false},"featured_media":154634,"template":"","meta":[],"product_cat":[127,150,148],"product_tag":[],"class_list":{"0":"post-154633","1":"product","2":"type-product","3":"status-publish","4":"has-post-thumbnail","6":"product_brand-nordlux","7":"product_cat-apgaismojums","8":"product_cat-ara","9":"product_cat-arhitekturalais","11":"first","12":"instock","13":"shipping-taxable","14":"purchasable","15":"product-type-simple","16":"hongo-alternate-image-wrap"},"_links":{"self":[{"href":"https:\/\/4room.lv\/en\/wp-json\/wp\/v2\/product\/154633","targetHints":{"allow":["GET"]}}],"collection":[{"href":"https:\/\/4room.lv\/en\/wp-json\/wp\/v2\/product"}],"about":[{"href":"https:\/\/4room.lv\/en\/wp-json\/wp\/v2\/types\/product"}],"wp:featuredmedia":[{"embeddable":true,"href":"https:\/\/4room.lv\/en\/wp-json\/wp\/v2\/media\/154634"}],"wp:attachment":[{"href":"https:\/\/4room.lv\/en\/wp-json\/wp\/v2\/media?parent=154633"}],"wp:term":[{"taxonomy":"product_cat","embeddable":true,"href":"https:\/\/4room.lv\/en\/wp-json\/wp\/v2\/product_cat?post=154633"},{"taxonomy":"product_tag","embeddable":true,"href":"https:\/\/4room.lv\/en\/wp-json\/wp\/v2\/product_tag?post=154633"}],"curies":[{"name":"wp","href":"https:\/\/api.w.org\/{rel}","templated":true}]}}