{"id":154650,"date":"2025-03-08T15:23:58","date_gmt":"2025-03-08T13:23:58","guid":{"rendered":"https:\/\/4room.lv\/?post_type=product&#038;p=154650"},"modified":"2025-03-08T15:23:58","modified_gmt":"2025-03-08T13:23:58","slug":"mirror-move-80","status":"publish","type":"product","link":"https:\/\/4room.lv\/en\/veikals\/apgaismojums\/mirror-move-80\/","title":{"rendered":"Mirror Move 80"},"content":{"rendered":"","protected":false},"excerpt":{"rendered":"<p>Trend\u012bgais ita\u013cu spogulis Move ir unik\u0101las un \u0161obr\u012bd \u013coti aktu\u0101las izpl\u016bdu\u0161as formas, ar biezu un zitieksm\u012bgu malu, kas viscaur ir spogu\u013cstilks. B\u016bs \u013coti efekt\u012bgs dizaina objekts telp\u0101!<\/p>\n<p>Konkr\u0113tais spogulis ir 80cm diemaetr\u0101, bet ir pieejams ar\u012b liel\u0101ks vai zelta ton\u012b. ja ir interese iegad\u0101ties lielaku vai cita ton\u012b, tad jaut\u0101jiet mums!<\/p>\n","protected":false},"featured_media":154651,"template":"","meta":[],"product_cat":[127],"product_tag":[],"class_list":{"0":"post-154650","1":"product","2":"type-product","3":"status-publish","4":"has-post-thumbnail","6":"product_brand-capodarte","7":"product_cat-apgaismojums","9":"first","10":"instock","11":"shipping-taxable","12":"purchasable","13":"product-type-simple","14":"hongo-alternate-image-wrap"},"_links":{"self":[{"href":"https:\/\/4room.lv\/en\/wp-json\/wp\/v2\/product\/154650","targetHints":{"allow":["GET"]}}],"collection":[{"href":"https:\/\/4room.lv\/en\/wp-json\/wp\/v2\/product"}],"about":[{"href":"https:\/\/4room.lv\/en\/wp-json\/wp\/v2\/types\/product"}],"wp:featuredmedia":[{"embeddable":true,"href":"https:\/\/4room.lv\/en\/wp-json\/wp\/v2\/media\/154651"}],"wp:attachment":[{"href":"https:\/\/4room.lv\/en\/wp-json\/wp\/v2\/media?parent=154650"}],"wp:term":[{"taxonomy":"product_cat","embeddable":true,"href":"https:\/\/4room.lv\/en\/wp-json\/wp\/v2\/product_cat?post=154650"},{"taxonomy":"product_tag","embeddable":true,"href":"https:\/\/4room.lv\/en\/wp-json\/wp\/v2\/product_tag?post=154650"}],"curies":[{"name":"wp","href":"https:\/\/api.w.org\/{rel}","templated":true}]}}