{"id":154663,"date":"2025-03-08T15:35:29","date_gmt":"2025-03-08T13:35:29","guid":{"rendered":"https:\/\/4room.lv\/?post_type=product&#038;p=154663"},"modified":"2025-03-09T13:29:23","modified_gmt":"2025-03-09T11:29:23","slug":"maya-table-round","status":"publish","type":"product","link":"https:\/\/4room.lv\/en\/veikals\/mebeles\/galdi\/maya-table-round\/","title":{"rendered":"Maya table round"},"content":{"rendered":"","protected":false},"excerpt":{"rendered":"<p>Skaista dizaina \u0113damgalds ar dekorat\u012bvu met\u0101la k\u0101ju un dekorat\u012bvu bronz\u012bgi zeltaina to\u0146a stikla virsmu. B\u016bs ne tikai lielisks \u0113damgalds, bet ar\u012b burv\u012bgs dizaina elements!<\/p>\n<p>&nbsp;<\/p>\n","protected":false},"featured_media":154670,"template":"","meta":[],"product_cat":[129,142],"product_tag":[],"class_list":{"0":"post-154663","1":"product","2":"type-product","3":"status-publish","4":"has-post-thumbnail","6":"product_brand-capodarte","7":"product_cat-mebeles","8":"product_cat-galdi","10":"first","11":"instock","12":"shipping-taxable","13":"purchasable","14":"product-type-simple"},"_links":{"self":[{"href":"https:\/\/4room.lv\/en\/wp-json\/wp\/v2\/product\/154663","targetHints":{"allow":["GET"]}}],"collection":[{"href":"https:\/\/4room.lv\/en\/wp-json\/wp\/v2\/product"}],"about":[{"href":"https:\/\/4room.lv\/en\/wp-json\/wp\/v2\/types\/product"}],"wp:featuredmedia":[{"embeddable":true,"href":"https:\/\/4room.lv\/en\/wp-json\/wp\/v2\/media\/154670"}],"wp:attachment":[{"href":"https:\/\/4room.lv\/en\/wp-json\/wp\/v2\/media?parent=154663"}],"wp:term":[{"taxonomy":"product_cat","embeddable":true,"href":"https:\/\/4room.lv\/en\/wp-json\/wp\/v2\/product_cat?post=154663"},{"taxonomy":"product_tag","embeddable":true,"href":"https:\/\/4room.lv\/en\/wp-json\/wp\/v2\/product_tag?post=154663"}],"curies":[{"name":"wp","href":"https:\/\/api.w.org\/{rel}","templated":true}]}}