{"id":154722,"date":"2025-03-09T12:12:33","date_gmt":"2025-03-09T10:12:33","guid":{"rendered":"https:\/\/4room.lv\/?post_type=product&#038;p=154722"},"modified":"2025-03-09T12:12:33","modified_gmt":"2025-03-09T10:12:33","slug":"alex-armchair-blue-velvet","status":"publish","type":"product","link":"https:\/\/4room.lv\/en\/veikals\/mebeles\/kresli\/alex-armchair-blue-velvet\/","title":{"rendered":"Alex armchair blue velvet"},"content":{"rendered":"","protected":false},"excerpt":{"rendered":"<p>Alex kr\u0113sls ir viens no Sots bestselleriem. T\u0101 univers\u0101lais dizains, kas ieder\u0101s it visur un \u0113rt\u0101 uzb\u016bv\u0113 to padara par iecien\u012btu izv\u0113li k\u0101 klientiem, t\u0101 nozares profesiona\u013ciem. Classic Velvet apdar\u0113 kr\u0113sls b\u016bs ar augstu nodilumiztur\u012bbu, materi\u0101ls neve\u013c\u0101s, neizstaip\u0101s un to dr\u012bkst mazg\u0101t. L\u012bdz ar to b\u016bs piem\u0113rots ar\u012b publisk\u0101m telp\u0101m. Un labs tiem, kam ir m\u0101jdz\u012bvnieki. Ka\u0137i velvetus nem\u012bl un spalvas no t\u0101 viegli nov\u0101camas. Konkr\u0113tais tonis ir pat\u012bkami, piezem\u0113ti zils kas ir nedaudz uz pel\u0113c\u012bgi zilo. Kr\u0101sa \u013coti skaista un aktu\u0101la.<\/p>\n<p>Kr\u0113slu var pas\u016bt\u012bt ar\u012b cit\u0101s apdar\u0113s. Ja velaties apl\u016bkot citas materi\u0101lu iesp\u0113jas, tad dro\u0161i v\u0113rsieties pie mums salon\u0101 un par\u0101d\u012bsim materi\u0101lu paraugus.<\/p>\n","protected":false},"featured_media":154732,"template":"","meta":[],"product_cat":[129,144],"product_tag":[],"class_list":{"0":"post-154722","1":"product","2":"type-product","3":"status-publish","4":"has-post-thumbnail","6":"product_brand-sits","7":"product_cat-mebeles","8":"product_cat-kresli","10":"first","11":"instock","12":"shipping-taxable","13":"purchasable","14":"product-type-simple","15":"hongo-alternate-image-wrap"},"_links":{"self":[{"href":"https:\/\/4room.lv\/en\/wp-json\/wp\/v2\/product\/154722","targetHints":{"allow":["GET"]}}],"collection":[{"href":"https:\/\/4room.lv\/en\/wp-json\/wp\/v2\/product"}],"about":[{"href":"https:\/\/4room.lv\/en\/wp-json\/wp\/v2\/types\/product"}],"wp:featuredmedia":[{"embeddable":true,"href":"https:\/\/4room.lv\/en\/wp-json\/wp\/v2\/media\/154732"}],"wp:attachment":[{"href":"https:\/\/4room.lv\/en\/wp-json\/wp\/v2\/media?parent=154722"}],"wp:term":[{"taxonomy":"product_cat","embeddable":true,"href":"https:\/\/4room.lv\/en\/wp-json\/wp\/v2\/product_cat?post=154722"},{"taxonomy":"product_tag","embeddable":true,"href":"https:\/\/4room.lv\/en\/wp-json\/wp\/v2\/product_tag?post=154722"}],"curies":[{"name":"wp","href":"https:\/\/api.w.org\/{rel}","templated":true}]}}