{"id":154735,"date":"2025-03-09T12:25:46","date_gmt":"2025-03-09T10:25:46","guid":{"rendered":"https:\/\/4room.lv\/?post_type=product&#038;p=154735"},"modified":"2025-03-09T12:29:16","modified_gmt":"2025-03-09T10:29:16","slug":"dual-lamp","status":"publish","type":"product","link":"https:\/\/4room.lv\/en\/veikals\/apgaismojums\/dekorativais\/dual-lamp\/","title":{"rendered":"Dual lamp"},"content":{"rendered":"","protected":false},"excerpt":{"rendered":"<p>Gais\u012bgs pap\u012bra gaismeklis ar 2xE27 spuldz\u0113, kas dos gaismu gan uz leju, gan aug\u0161u. APgaismojums b\u016bs maigs un maj\u012bgs. Gaismeklis pats ir balts, bet tonis pie iesl\u0113g\u0161anas main\u012bsies atkar\u012bb\u0101 no ieliktaj\u0101m spuldz\u0113m. Neliels ieteikums no mums &#8211; \u013coti interesants efekts veidojas, ja ieliekat gudr\u0101s spuldz\u012btes ar iesp\u0113ju main\u012bt to\u0146us, jo tad var gasmek\u013ca aug\u0161da\u013cu izgaismot piem\u0113ram dzelten\u0101 ton\u012b, leju s\u0101rt\u0101 ton\u012b, pan\u0101kot saulrieta efektu telpai.<\/p>\n","protected":false},"featured_media":154739,"template":"","meta":[],"product_cat":[127,147],"product_tag":[],"class_list":{"0":"post-154735","1":"product","2":"type-product","3":"status-publish","4":"has-post-thumbnail","6":"product_brand-markslojd","7":"product_cat-apgaismojums","8":"product_cat-dekorativais","10":"first","11":"instock","12":"sale","13":"shipping-taxable","14":"purchasable","15":"product-type-simple"},"_links":{"self":[{"href":"https:\/\/4room.lv\/en\/wp-json\/wp\/v2\/product\/154735","targetHints":{"allow":["GET"]}}],"collection":[{"href":"https:\/\/4room.lv\/en\/wp-json\/wp\/v2\/product"}],"about":[{"href":"https:\/\/4room.lv\/en\/wp-json\/wp\/v2\/types\/product"}],"wp:featuredmedia":[{"embeddable":true,"href":"https:\/\/4room.lv\/en\/wp-json\/wp\/v2\/media\/154739"}],"wp:attachment":[{"href":"https:\/\/4room.lv\/en\/wp-json\/wp\/v2\/media?parent=154735"}],"wp:term":[{"taxonomy":"product_cat","embeddable":true,"href":"https:\/\/4room.lv\/en\/wp-json\/wp\/v2\/product_cat?post=154735"},{"taxonomy":"product_tag","embeddable":true,"href":"https:\/\/4room.lv\/en\/wp-json\/wp\/v2\/product_tag?post=154735"}],"curies":[{"name":"wp","href":"https:\/\/api.w.org\/{rel}","templated":true}]}}