{"id":154815,"date":"2025-03-11T15:34:21","date_gmt":"2025-03-11T13:34:21","guid":{"rendered":"https:\/\/4room.lv\/?post_type=product&#038;p=154815"},"modified":"2025-03-11T15:34:21","modified_gmt":"2025-03-11T13:34:21","slug":"artist-40-stainless-steel","status":"publish","type":"product","link":"https:\/\/4room.lv\/en\/veikals\/apgaismojums\/dekorativais\/artist-40-stainless-steel\/","title":{"rendered":"Artist 40 stainless steel"},"content":{"rendered":"","protected":false},"excerpt":{"rendered":"<p>Dizaina balv\u0101m apvelt\u012bts gaismeklis, kas uzrun\u0101 ar elegantaj\u0101m form\u0101m un perfektu proporciju. Artist gaismeklis pieejams dazados to\u0146os, bet jaunakais papildinajums uir t\u0113raud\u0101, kas \u0161obr\u012bd s\u0101k k\u013c\u016bt aizvien aktual\u0101ks m\u016bsdien\u012bgos interjeros. Gaisma tam ir maiga un pat\u012bkama ar klied\u0113tu gaismu uz virsmu. Tam ir kvalitat\u012bvs Led ar labu kr\u0101su attainojumu un piem\u0113rotu jaudu, piem\u0113ram galda virsmas izgaismo\u0161anai. Ra\u017eotajs dod 5 gadu garantiju Led gaismek\u013ciem, l\u012bdz ar to variet b\u016bt dro\u0161i par t\u0101 kvalit\u0101ti.<\/p>\n","protected":false},"featured_media":154822,"template":"","meta":[],"product_cat":[1058,127,147],"product_tag":[],"class_list":{"0":"post-154815","1":"product","2":"type-product","3":"status-publish","4":"has-post-thumbnail","6":"product_brand-nordlux","7":"product_cat-dizaina","8":"product_cat-apgaismojums","9":"product_cat-dekorativais","11":"first","12":"instock","13":"shipping-taxable","14":"purchasable","15":"product-type-simple","16":"hongo-alternate-image-wrap"},"_links":{"self":[{"href":"https:\/\/4room.lv\/en\/wp-json\/wp\/v2\/product\/154815","targetHints":{"allow":["GET"]}}],"collection":[{"href":"https:\/\/4room.lv\/en\/wp-json\/wp\/v2\/product"}],"about":[{"href":"https:\/\/4room.lv\/en\/wp-json\/wp\/v2\/types\/product"}],"wp:featuredmedia":[{"embeddable":true,"href":"https:\/\/4room.lv\/en\/wp-json\/wp\/v2\/media\/154822"}],"wp:attachment":[{"href":"https:\/\/4room.lv\/en\/wp-json\/wp\/v2\/media?parent=154815"}],"wp:term":[{"taxonomy":"product_cat","embeddable":true,"href":"https:\/\/4room.lv\/en\/wp-json\/wp\/v2\/product_cat?post=154815"},{"taxonomy":"product_tag","embeddable":true,"href":"https:\/\/4room.lv\/en\/wp-json\/wp\/v2\/product_tag?post=154815"}],"curies":[{"name":"wp","href":"https:\/\/api.w.org\/{rel}","templated":true}]}}