{"id":154884,"date":"2025-03-21T09:37:29","date_gmt":"2025-03-21T07:37:29","guid":{"rendered":"https:\/\/4room.lv\/?post_type=product&#038;p=154884"},"modified":"2025-03-21T09:37:29","modified_gmt":"2025-03-21T07:37:29","slug":"modern-ball-simple-midi-led-hermetic-surface","status":"publish","type":"product","link":"https:\/\/4room.lv\/en\/veikals\/apgaismojums\/dekorativais\/modern-ball-simple-midi-led-hermetic-surface\/","title":{"rendered":"MODERN BALL simple midi LED hermetic surface"},"content":{"rendered":"","protected":false},"excerpt":{"rendered":"<p>Univers\u0101lai Ball\u00a0 der\u0113s gan k\u0101 griestu, gan sienas gaismeklis. Dizains bez nek\u0101 lieka\u00a0 &#8211; melna b\u0101ze bez redzam\u0101m spuldz\u0113m un mat\u0113ts, balts stikla kupols. Gaisma b\u016bs jaud\u012bga pateicoties integretajam Led, bet taj\u0101 pa\u0161\u0101 laik\u0101 d\u0113\u013c op\u0101la stikla, apgaismojums b\u016bs klied\u0113ts, maigs un pat\u012bkams. Gaismeklis ir mitrumnotur\u012bgs, piem\u0113rots ar\u012b mitr\u0101m telp\u0101m.<\/p>\n<p>S\u0113rij\u0101 ir da\u017e\u0101du diametru, to\u0146u jaudas un spektra vari\u0101cijas gaismek\u013ciem. Ja v\u0113laties uzzinat vair\u0101k par iesp\u0113j\u0101m, tad sazinieties ar mums!<\/p>\n","protected":false},"featured_media":154891,"template":"","meta":[],"product_cat":[127,148,147],"product_tag":[],"class_list":{"0":"post-154884","1":"product","2":"type-product","3":"status-publish","4":"has-post-thumbnail","6":"product_brand-aqform","7":"product_cat-apgaismojums","8":"product_cat-arhitekturalais","9":"product_cat-dekorativais","11":"first","12":"instock","13":"shipping-taxable","14":"purchasable","15":"product-type-simple","16":"hongo-alternate-image-wrap"},"_links":{"self":[{"href":"https:\/\/4room.lv\/en\/wp-json\/wp\/v2\/product\/154884","targetHints":{"allow":["GET"]}}],"collection":[{"href":"https:\/\/4room.lv\/en\/wp-json\/wp\/v2\/product"}],"about":[{"href":"https:\/\/4room.lv\/en\/wp-json\/wp\/v2\/types\/product"}],"wp:featuredmedia":[{"embeddable":true,"href":"https:\/\/4room.lv\/en\/wp-json\/wp\/v2\/media\/154891"}],"wp:attachment":[{"href":"https:\/\/4room.lv\/en\/wp-json\/wp\/v2\/media?parent=154884"}],"wp:term":[{"taxonomy":"product_cat","embeddable":true,"href":"https:\/\/4room.lv\/en\/wp-json\/wp\/v2\/product_cat?post=154884"},{"taxonomy":"product_tag","embeddable":true,"href":"https:\/\/4room.lv\/en\/wp-json\/wp\/v2\/product_tag?post=154884"}],"curies":[{"name":"wp","href":"https:\/\/api.w.org\/{rel}","templated":true}]}}