{"id":154910,"date":"2025-03-21T10:10:39","date_gmt":"2025-03-21T08:10:39","guid":{"rendered":"https:\/\/4room.lv\/?post_type=product&#038;p=154910"},"modified":"2025-12-28T19:19:00","modified_gmt":"2025-12-28T17:19:00","slug":"ara-galds-table-alban-220x100","status":"publish","type":"product","link":"https:\/\/4room.lv\/en\/veikals\/mebeles\/galdi\/ara-galds-table-alban-220x100\/","title":{"rendered":"\u0100ra galds Table Alban 220&#215;100"},"content":{"rendered":"","protected":false},"excerpt":{"rendered":"<p>Liels iztur\u012bgas plastikas galds, kas piem\u0113rots lieto\u0161anai \u0101r\u0101. Univers\u0101l\u0101 pel\u0113k\u0101 ton\u012b. Lieliski izskat\u012bsies ar gan ar neitr\u0101lu to\u0146u kr\u0113sliem, gan ko\u0161os un izteiksm\u012bgos to\u0146os.<\/p>\n<p>&nbsp;<\/p>\n","protected":false},"featured_media":154911,"template":"","meta":[],"product_cat":[129,142],"product_tag":[],"class_list":{"0":"post-154910","1":"product","2":"type-product","3":"status-publish","4":"has-post-thumbnail","6":"product_brand-dutch-bone","7":"product_brand-white-label-living","8":"product_brand-zuiver","9":"product_cat-mebeles","10":"product_cat-galdi","12":"first","13":"instock","14":"shipping-taxable","15":"purchasable","16":"product-type-simple"},"_links":{"self":[{"href":"https:\/\/4room.lv\/en\/wp-json\/wp\/v2\/product\/154910","targetHints":{"allow":["GET"]}}],"collection":[{"href":"https:\/\/4room.lv\/en\/wp-json\/wp\/v2\/product"}],"about":[{"href":"https:\/\/4room.lv\/en\/wp-json\/wp\/v2\/types\/product"}],"wp:featuredmedia":[{"embeddable":true,"href":"https:\/\/4room.lv\/en\/wp-json\/wp\/v2\/media\/154911"}],"wp:attachment":[{"href":"https:\/\/4room.lv\/en\/wp-json\/wp\/v2\/media?parent=154910"}],"wp:term":[{"taxonomy":"product_cat","embeddable":true,"href":"https:\/\/4room.lv\/en\/wp-json\/wp\/v2\/product_cat?post=154910"},{"taxonomy":"product_tag","embeddable":true,"href":"https:\/\/4room.lv\/en\/wp-json\/wp\/v2\/product_tag?post=154910"}],"curies":[{"name":"wp","href":"https:\/\/api.w.org\/{rel}","templated":true}]}}