{"id":154981,"date":"2025-03-21T17:42:36","date_gmt":"2025-03-21T15:42:36","guid":{"rendered":"https:\/\/4room.lv\/?post_type=product&#038;p=154981"},"modified":"2025-12-28T19:19:00","modified_gmt":"2025-12-28T17:19:00","slug":"barbier-console-table-natural","status":"publish","type":"product","link":"https:\/\/4room.lv\/en\/veikals\/mebeles\/galdi\/barbier-console-table-natural\/","title":{"rendered":"Barbier Console Table Natural"},"content":{"rendered":"","protected":false},"excerpt":{"rendered":"<p>Konsoles tipa galds no valrieksta finiera dab\u012bg\u0101 koka ton\u012b. Tam ir elegantas durti\u0146\u0101s, kuras paslidinot iek\u0161\u0101 var\u0113siet pasl\u0113pt visus s\u012bkumus, atstajot tikai skaist\u0101ko uz galda.<\/p>\n<p>Piejams a\u012b cit\u0101s vari\u0101cij\u0101s.<\/p>\n","protected":false},"featured_media":154985,"template":"","meta":[],"product_cat":[129,142],"product_tag":[],"class_list":{"0":"post-154981","1":"product","2":"type-product","3":"status-publish","4":"has-post-thumbnail","6":"product_brand-dutch-bone","7":"product_brand-white-label-living","8":"product_brand-zuiver","9":"product_cat-mebeles","10":"product_cat-galdi","12":"first","13":"instock","14":"shipping-taxable","15":"purchasable","16":"product-type-simple","17":"hongo-alternate-image-wrap"},"_links":{"self":[{"href":"https:\/\/4room.lv\/en\/wp-json\/wp\/v2\/product\/154981","targetHints":{"allow":["GET"]}}],"collection":[{"href":"https:\/\/4room.lv\/en\/wp-json\/wp\/v2\/product"}],"about":[{"href":"https:\/\/4room.lv\/en\/wp-json\/wp\/v2\/types\/product"}],"wp:featuredmedia":[{"embeddable":true,"href":"https:\/\/4room.lv\/en\/wp-json\/wp\/v2\/media\/154985"}],"wp:attachment":[{"href":"https:\/\/4room.lv\/en\/wp-json\/wp\/v2\/media?parent=154981"}],"wp:term":[{"taxonomy":"product_cat","embeddable":true,"href":"https:\/\/4room.lv\/en\/wp-json\/wp\/v2\/product_cat?post=154981"},{"taxonomy":"product_tag","embeddable":true,"href":"https:\/\/4room.lv\/en\/wp-json\/wp\/v2\/product_tag?post=154981"}],"curies":[{"name":"wp","href":"https:\/\/api.w.org\/{rel}","templated":true}]}}