{"id":154997,"date":"2025-03-26T11:24:49","date_gmt":"2025-03-26T09:24:49","guid":{"rendered":"https:\/\/4room.lv\/?post_type=product&#038;p=154997"},"modified":"2025-03-26T11:24:50","modified_gmt":"2025-03-26T09:24:50","slug":"honey-suspension-86","status":"publish","type":"product","link":"https:\/\/4room.lv\/en\/veikals\/apgaismojums\/dekorativais\/honey-suspension-86\/","title":{"rendered":"Honey suspension 86"},"content":{"rendered":"","protected":false},"excerpt":{"rendered":"<p>Skaista un gais\u012bga &#8211; Honey s\u0113rija b\u016bs burv\u012bgs papildin\u0101jums interjeram. Dizaineris Pio e Tito Toso iedvesmu guvis no bi\u0161u s\u016bn\u0101m, radot \u0161o unik\u0101lo dizainu priek\u0161 ita\u013cu ra\u017eotaja Stilnovo, kas ir ar bag\u0101tu v\u0113sturi apgaismojuma jom\u0101.<\/p>\n<p>Gaismeklim ir jaud\u012bgs dim\u0113jams Led, ta\u010du pateicoties p\u0101rdom\u0101tajam dizainam, gaisma b\u016bs maiga un klied\u0113ta. Lidz ar to gaisma b\u016bs no gaismek\u013ca sp\u0113c\u012bga, bet netrauc\u0113s. Siltais un maigais apgaismojums padar\u012bs telpu \u012bpa\u0161i m\u0101j\u012bgu. Lampa ir liela bet nav smaga un tai ir garas troses, lai der\u0113tu a\u0157\u012b augstiem griestiem. Dizains ieder\u0113sies k\u0101 klasiskos, t\u0101 modernos interjeros, padarot to par patie\u0161\u0101m labu izv\u0113li ikvienam, kas nov\u0113rt\u0113 labu kvalit\u0101ti un dizainu.<\/p>\n<p>S\u0113rij\u0101 ir pieejamas ar\u012b citas versijas un papildus inform\u0101ciju variet vaic\u0101t mums.<\/p>\n","protected":false},"featured_media":154998,"template":"","meta":[],"product_cat":[1058,127,147],"product_tag":[],"class_list":{"0":"post-154997","1":"product","2":"type-product","3":"status-publish","4":"has-post-thumbnail","6":"product_brand-stilnovo","7":"product_cat-dizaina","8":"product_cat-apgaismojums","9":"product_cat-dekorativais","11":"first","12":"instock","13":"shipping-taxable","14":"purchasable","15":"product-type-simple","16":"hongo-alternate-image-wrap"},"_links":{"self":[{"href":"https:\/\/4room.lv\/en\/wp-json\/wp\/v2\/product\/154997","targetHints":{"allow":["GET"]}}],"collection":[{"href":"https:\/\/4room.lv\/en\/wp-json\/wp\/v2\/product"}],"about":[{"href":"https:\/\/4room.lv\/en\/wp-json\/wp\/v2\/types\/product"}],"wp:featuredmedia":[{"embeddable":true,"href":"https:\/\/4room.lv\/en\/wp-json\/wp\/v2\/media\/154998"}],"wp:attachment":[{"href":"https:\/\/4room.lv\/en\/wp-json\/wp\/v2\/media?parent=154997"}],"wp:term":[{"taxonomy":"product_cat","embeddable":true,"href":"https:\/\/4room.lv\/en\/wp-json\/wp\/v2\/product_cat?post=154997"},{"taxonomy":"product_tag","embeddable":true,"href":"https:\/\/4room.lv\/en\/wp-json\/wp\/v2\/product_tag?post=154997"}],"curies":[{"name":"wp","href":"https:\/\/api.w.org\/{rel}","templated":true}]}}