{"id":155020,"date":"2025-03-26T14:48:04","date_gmt":"2025-03-26T12:48:04","guid":{"rendered":"https:\/\/4room.lv\/?post_type=product&#038;p=155020"},"modified":"2025-03-26T14:48:04","modified_gmt":"2025-03-26T12:48:04","slug":"lilly-table-amp-brown","status":"publish","type":"product","link":"https:\/\/4room.lv\/en\/veikals\/apgaismojums\/dekorativais\/lilly-table-amp-brown\/","title":{"rendered":"Lilly table amp brown"},"content":{"rendered":"","protected":false},"excerpt":{"rendered":"<p>Vienk\u0101r\u0161as formas bag\u0101t\u012bg\u0101 izpild\u012bjum\u0101 raksturo \u0161o galda gaismekli. Skaista dab\u012bga br\u016bn\u0101 marmora b\u0101ze ar balta stikla kupolu, kur\u0101 liekama 1xE14 spuldze. Spuldze nen\u0101k komplekt\u0101cij\u0101, ta\u010du var\u0113siet to ieg\u0101d\u0101ties\u00a0 izv\u0113loties p\u0113c savam v\u0113lm\u0113m.<\/p>\n","protected":false},"featured_media":155024,"template":"","meta":[],"product_cat":[127,147],"product_tag":[],"class_list":{"0":"post-155020","1":"product","2":"type-product","3":"status-publish","4":"has-post-thumbnail","6":"product_brand-nordlux","7":"product_cat-apgaismojums","8":"product_cat-dekorativais","10":"first","11":"instock","12":"shipping-taxable","13":"purchasable","14":"product-type-simple","15":"hongo-alternate-image-wrap"},"_links":{"self":[{"href":"https:\/\/4room.lv\/en\/wp-json\/wp\/v2\/product\/155020","targetHints":{"allow":["GET"]}}],"collection":[{"href":"https:\/\/4room.lv\/en\/wp-json\/wp\/v2\/product"}],"about":[{"href":"https:\/\/4room.lv\/en\/wp-json\/wp\/v2\/types\/product"}],"wp:featuredmedia":[{"embeddable":true,"href":"https:\/\/4room.lv\/en\/wp-json\/wp\/v2\/media\/155024"}],"wp:attachment":[{"href":"https:\/\/4room.lv\/en\/wp-json\/wp\/v2\/media?parent=155020"}],"wp:term":[{"taxonomy":"product_cat","embeddable":true,"href":"https:\/\/4room.lv\/en\/wp-json\/wp\/v2\/product_cat?post=155020"},{"taxonomy":"product_tag","embeddable":true,"href":"https:\/\/4room.lv\/en\/wp-json\/wp\/v2\/product_tag?post=155020"}],"curies":[{"name":"wp","href":"https:\/\/api.w.org\/{rel}","templated":true}]}}