{"id":155088,"date":"2025-03-26T17:36:59","date_gmt":"2025-03-26T15:36:59","guid":{"rendered":"https:\/\/4room.lv\/?post_type=product&#038;p=155088"},"modified":"2025-03-26T17:36:59","modified_gmt":"2025-03-26T15:36:59","slug":"form-floor-mustard","status":"publish","type":"product","link":"https:\/\/4room.lv\/en\/veikals\/apgaismojums\/dekorativais\/form-floor-mustard\/","title":{"rendered":"FORM FLOOR MUSTARD"},"content":{"rendered":"","protected":false},"excerpt":{"rendered":"<p>Stil\u012bga st\u0101vlampa efekt\u012bg\u0101 sinepjdzelten\u0101 ton\u012b. T\u0101 b\u016bs spilgts akcents interjer\u0101, k\u0101 ar\u012b sniegs pat\u012bkamu noska\u0146as gaismu. Tai nepiecie\u0161ama 1xE27 spuldze.<\/p>\n<p>Pieejama ar\u012b cit\u0101s kr\u0101s\u0101s, dro\u0161i vaic\u0101jiet mums, ja neatrodiet lap\u0101.<\/p>\n","protected":false},"featured_media":155095,"template":"","meta":[],"product_cat":[127,147],"product_tag":[],"class_list":{"0":"post-155088","1":"product","2":"type-product","3":"status-publish","4":"has-post-thumbnail","6":"product_brand-aldex","7":"product_cat-apgaismojums","8":"product_cat-dekorativais","10":"first","11":"instock","12":"shipping-taxable","13":"purchasable","14":"product-type-simple","15":"hongo-alternate-image-wrap"},"_links":{"self":[{"href":"https:\/\/4room.lv\/en\/wp-json\/wp\/v2\/product\/155088","targetHints":{"allow":["GET"]}}],"collection":[{"href":"https:\/\/4room.lv\/en\/wp-json\/wp\/v2\/product"}],"about":[{"href":"https:\/\/4room.lv\/en\/wp-json\/wp\/v2\/types\/product"}],"wp:featuredmedia":[{"embeddable":true,"href":"https:\/\/4room.lv\/en\/wp-json\/wp\/v2\/media\/155095"}],"wp:attachment":[{"href":"https:\/\/4room.lv\/en\/wp-json\/wp\/v2\/media?parent=155088"}],"wp:term":[{"taxonomy":"product_cat","embeddable":true,"href":"https:\/\/4room.lv\/en\/wp-json\/wp\/v2\/product_cat?post=155088"},{"taxonomy":"product_tag","embeddable":true,"href":"https:\/\/4room.lv\/en\/wp-json\/wp\/v2\/product_tag?post=155088"}],"curies":[{"name":"wp","href":"https:\/\/api.w.org\/{rel}","templated":true}]}}