{"id":155101,"date":"2025-03-26T17:57:01","date_gmt":"2025-03-26T15:57:01","guid":{"rendered":"https:\/\/4room.lv\/?post_type=product&#038;p=155101"},"modified":"2025-03-26T17:57:01","modified_gmt":"2025-03-26T15:57:01","slug":"puzzle-round-single","status":"publish","type":"product","link":"https:\/\/4room.lv\/en\/veikals\/apgaismojums\/dekorativais\/puzzle-round-single\/","title":{"rendered":"Puzzle round single"},"content":{"rendered":"","protected":false},"excerpt":{"rendered":"<p>Studio Italia Design Puzzle s\u0113rija pier\u0101d\u012bjusi, ka sp\u0113j b\u016bt aktu\u0101la \u0161odien, tik pat cik 10 gadus atpaka\u013c. Vienk\u0101r\u0161ais un elegantais dizains \u013cauj gaismekli piel\u0101got visda\u017e\u0101dakaj\u0101m vajadz\u012bb\u0101m. Tam ir rot\u0113jo\u0161s un lok\u0101ms disks, kuru novirzot variet pan\u0101kt velamo apgaismojuma efektu.<\/p>\n<p>Tam ir jaud\u012bgs Led, kuru nepiecie\u0161am\u012bbas gad\u012bjuma var ar\u012b dim\u0113t. Konkr\u0113tais modelis ir ar 3000K spektru, bet pieejams ar\u012b 2700K. T\u0101 pat gaismeklim ir citas to\u0146u versijas, k\u0101 ar\u012b modelis ar diviem diskiem. Ja npiecie\u0161ama papildus inform\u0101cija, dro\u0161i pieprasiet mums.<\/p>\n","protected":false},"featured_media":155105,"template":"","meta":[],"product_cat":[1058,127,147],"product_tag":[],"class_list":{"0":"post-155101","1":"product","2":"type-product","3":"status-publish","4":"has-post-thumbnail","6":"product_brand-lodes","7":"product_cat-dizaina","8":"product_cat-apgaismojums","9":"product_cat-dekorativais","11":"first","12":"instock","13":"shipping-taxable","14":"purchasable","15":"product-type-simple","16":"hongo-alternate-image-wrap"},"_links":{"self":[{"href":"https:\/\/4room.lv\/en\/wp-json\/wp\/v2\/product\/155101","targetHints":{"allow":["GET"]}}],"collection":[{"href":"https:\/\/4room.lv\/en\/wp-json\/wp\/v2\/product"}],"about":[{"href":"https:\/\/4room.lv\/en\/wp-json\/wp\/v2\/types\/product"}],"wp:featuredmedia":[{"embeddable":true,"href":"https:\/\/4room.lv\/en\/wp-json\/wp\/v2\/media\/155105"}],"wp:attachment":[{"href":"https:\/\/4room.lv\/en\/wp-json\/wp\/v2\/media?parent=155101"}],"wp:term":[{"taxonomy":"product_cat","embeddable":true,"href":"https:\/\/4room.lv\/en\/wp-json\/wp\/v2\/product_cat?post=155101"},{"taxonomy":"product_tag","embeddable":true,"href":"https:\/\/4room.lv\/en\/wp-json\/wp\/v2\/product_tag?post=155101"}],"curies":[{"name":"wp","href":"https:\/\/api.w.org\/{rel}","templated":true}]}}