{"id":155304,"date":"2025-03-28T16:42:43","date_gmt":"2025-03-28T14:42:43","guid":{"rendered":"https:\/\/4room.lv\/?post_type=product&#038;p=155304"},"modified":"2025-03-28T17:20:55","modified_gmt":"2025-03-28T15:20:55","slug":"landon-smart-ceiling-light-white","status":"publish","type":"product","link":"https:\/\/4room.lv\/en\/veikals\/apgaismojums\/dekorativais\/landon-smart-ceiling-light-white\/","title":{"rendered":"Landon Smart Ceiling light White"},"content":{"rendered":"","protected":false},"excerpt":{"rendered":"<p>Landon smart versija \u013caus jums so virsapmetuma gaismekli izsl\u0113gt\/iesl\u0113gt, dimm\u0113t un regul\u0113t t\u0101 spektra toni ar aplik\u0101cijas Nordlux Smart pal\u012bdz\u012bbu. Tam ir klied\u0113ta un pat\u012bkama gaisma, kas netrauc\u0113s ar\u012b pie zemiem griestiem un vid\u0113ja jauda, kas nodro\u0161in\u0101s apgaismojumu, kas b\u016bs komfortabls. Gaismeklis piem\u0113rots ar\u012b mitr\u0101m telp\u0101m, jo tam ir IP44<\/p>\n<p>Ja nepiecie\u0161ama padzi\u013cin\u0101t\u0101ka inform\u0101cija, dro\u0161i vaic\u0101jiet mums.<\/p>\n","protected":false},"featured_media":155311,"template":"","meta":[],"product_cat":[127,148,147],"product_tag":[],"class_list":{"0":"post-155304","1":"product","2":"type-product","3":"status-publish","4":"has-post-thumbnail","6":"product_brand-nordlux","7":"product_cat-apgaismojums","8":"product_cat-arhitekturalais","9":"product_cat-dekorativais","11":"first","12":"instock","13":"shipping-taxable","14":"purchasable","15":"product-type-simple","16":"hongo-alternate-image-wrap"},"_links":{"self":[{"href":"https:\/\/4room.lv\/en\/wp-json\/wp\/v2\/product\/155304","targetHints":{"allow":["GET"]}}],"collection":[{"href":"https:\/\/4room.lv\/en\/wp-json\/wp\/v2\/product"}],"about":[{"href":"https:\/\/4room.lv\/en\/wp-json\/wp\/v2\/types\/product"}],"wp:featuredmedia":[{"embeddable":true,"href":"https:\/\/4room.lv\/en\/wp-json\/wp\/v2\/media\/155311"}],"wp:attachment":[{"href":"https:\/\/4room.lv\/en\/wp-json\/wp\/v2\/media?parent=155304"}],"wp:term":[{"taxonomy":"product_cat","embeddable":true,"href":"https:\/\/4room.lv\/en\/wp-json\/wp\/v2\/product_cat?post=155304"},{"taxonomy":"product_tag","embeddable":true,"href":"https:\/\/4room.lv\/en\/wp-json\/wp\/v2\/product_tag?post=155304"}],"curies":[{"name":"wp","href":"https:\/\/api.w.org\/{rel}","templated":true}]}}