{"id":155317,"date":"2025-03-28T17:17:15","date_gmt":"2025-03-28T15:17:15","guid":{"rendered":"https:\/\/4room.lv\/?post_type=product&#038;p=155317"},"modified":"2025-03-28T17:20:28","modified_gmt":"2025-03-28T15:20:28","slug":"ola-round-suspension-s6-60-colored-glass","status":"publish","type":"product","link":"https:\/\/4room.lv\/en\/veikals\/apgaismojums\/dekorativais\/ola-round-suspension-s6-60-colored-glass\/","title":{"rendered":"Ol\u00e0 Round Suspension s6 60 colored glass"},"content":{"rendered":"","protected":false},"excerpt":{"rendered":"<p>Iecien\u012bt\u0101 Masiero lustra Ol\u00e0 gadiem ilgi ir bijusi populara izv\u0113le gan klientu, gan dizaineru vid\u016b. Tai ir izcila proporcija, kur planaj\u0101 met\u0101la gredzen\u0101 kar\u0101j\u0101s da\u017e\u0101du garumu stikla krist\u0101li\u0146i. kristali\u0146i ir daz\u0101dos to\u0146os, kas piedod unik\u0101lu rota\u013c\u012bgumu lustrai. Starp caursp\u012bd\u012bgiem stikli\u0146iem ir iejaukti roz\u0101, gai\u0161i zili un violeti krist\u0101li\u0146i kas rada pasakainu kopainu.<\/p>\n<p>Gaismekl\u012b a\u0157\u012b ir iespaid\u012bgs 6 spuld\u017eu skaits, lai variet pan\u0101kt labu izgaismojumu.<\/p>\n<p>Ir iesp\u0113ja gaismekli pas\u016bt\u012bt a\u0157\u012b citos to\u0146os un izm\u0113ros, k\u0101 a\u0157\u012b s\u0113rij\u0101 ir galda, griestu un st\u0101vlampas. Papildus inform\u0101ciju par s\u0113riju varietuzzin\u0101t pie mums.<\/p>\n<h1 class=\"entry-title\"><\/h1>\n","protected":false},"featured_media":155324,"template":"","meta":[],"product_cat":[1058,127,147],"product_tag":[],"class_list":{"0":"post-155317","1":"product","2":"type-product","3":"status-publish","4":"has-post-thumbnail","6":"product_brand-massiero","7":"product_cat-dizaina","8":"product_cat-apgaismojums","9":"product_cat-dekorativais","11":"first","12":"instock","13":"shipping-taxable","14":"purchasable","15":"product-type-simple","16":"hongo-alternate-image-wrap"},"_links":{"self":[{"href":"https:\/\/4room.lv\/en\/wp-json\/wp\/v2\/product\/155317","targetHints":{"allow":["GET"]}}],"collection":[{"href":"https:\/\/4room.lv\/en\/wp-json\/wp\/v2\/product"}],"about":[{"href":"https:\/\/4room.lv\/en\/wp-json\/wp\/v2\/types\/product"}],"wp:featuredmedia":[{"embeddable":true,"href":"https:\/\/4room.lv\/en\/wp-json\/wp\/v2\/media\/155324"}],"wp:attachment":[{"href":"https:\/\/4room.lv\/en\/wp-json\/wp\/v2\/media?parent=155317"}],"wp:term":[{"taxonomy":"product_cat","embeddable":true,"href":"https:\/\/4room.lv\/en\/wp-json\/wp\/v2\/product_cat?post=155317"},{"taxonomy":"product_tag","embeddable":true,"href":"https:\/\/4room.lv\/en\/wp-json\/wp\/v2\/product_tag?post=155317"}],"curies":[{"name":"wp","href":"https:\/\/api.w.org\/{rel}","templated":true}]}}