{"id":155343,"date":"2025-03-31T16:53:22","date_gmt":"2025-03-31T13:53:22","guid":{"rendered":"https:\/\/4room.lv\/?post_type=product&#038;p=155343"},"modified":"2025-03-31T16:53:22","modified_gmt":"2025-03-31T13:53:22","slug":"spogulis-louisa","status":"publish","type":"product","link":"https:\/\/4room.lv\/en\/veikals\/interjeram\/spoguli\/spogulis-louisa\/","title":{"rendered":"Spogulis Louisa"},"content":{"rendered":"","protected":false},"excerpt":{"rendered":"<p>Unik\u0101la dizaina spogulis, kas lieliski ieder\u0113sies liekot pie st\u016bra. Rad\u012bs interesantu dizaina efektu. Izmantojams k\u0101 vannasistab\u0101m, t\u0101 cit\u0101m telp\u0101m.<\/p>\n<p>Uz spogu\u013ca ir iesl\u0113g\u0161anas un izsl\u0113g\u0161anas poga, k\u0101 apsildes poga, lai spogulis neaizmiglotos no tvaika.<\/p>\n<p>&nbsp;<\/p>\n","protected":false},"featured_media":155350,"template":"","meta":[],"product_cat":[130,134],"product_tag":[],"class_list":{"0":"post-155343","1":"product","2":"type-product","3":"status-publish","4":"has-post-thumbnail","6":"product_cat-interjeram","7":"product_cat-spoguli","9":"first","10":"instock","11":"shipping-taxable","12":"purchasable","13":"product-type-simple","14":"hongo-alternate-image-wrap"},"_links":{"self":[{"href":"https:\/\/4room.lv\/en\/wp-json\/wp\/v2\/product\/155343","targetHints":{"allow":["GET"]}}],"collection":[{"href":"https:\/\/4room.lv\/en\/wp-json\/wp\/v2\/product"}],"about":[{"href":"https:\/\/4room.lv\/en\/wp-json\/wp\/v2\/types\/product"}],"wp:featuredmedia":[{"embeddable":true,"href":"https:\/\/4room.lv\/en\/wp-json\/wp\/v2\/media\/155350"}],"wp:attachment":[{"href":"https:\/\/4room.lv\/en\/wp-json\/wp\/v2\/media?parent=155343"}],"wp:term":[{"taxonomy":"product_cat","embeddable":true,"href":"https:\/\/4room.lv\/en\/wp-json\/wp\/v2\/product_cat?post=155343"},{"taxonomy":"product_tag","embeddable":true,"href":"https:\/\/4room.lv\/en\/wp-json\/wp\/v2\/product_tag?post=155343"}],"curies":[{"name":"wp","href":"https:\/\/api.w.org\/{rel}","templated":true}]}}