{"id":155353,"date":"2025-03-31T17:38:53","date_gmt":"2025-03-31T14:38:53","guid":{"rendered":"https:\/\/4room.lv\/?post_type=product&#038;p=155353"},"modified":"2025-03-31T17:38:53","modified_gmt":"2025-03-31T14:38:53","slug":"finelli-backlight","status":"publish","type":"product","link":"https:\/\/4room.lv\/en\/veikals\/apgaismojums\/dekorativais\/finelli-backlight\/","title":{"rendered":"Finelli backlight"},"content":{"rendered":"","protected":false},"excerpt":{"rendered":"<p>Kad klasika satiek m\u016bsdienas, veidojas lielisks dizaina balanss. \u0160is gaismeklis lieliski atspogu\u013co to. Led gaismeklis ar melnu apdari klasiska gleznu gaismek\u013ca form\u0101 ieder\u0113sies dazados interjeros. Gaismu var\u0113siet novirz\u012bt vairak pret sienu vai vairak uz telpu, jo Led ir uz lok\u0101mas k\u0101jas. Lielisks risin\u0101jums virs spogu\u013ca vai virs gleznas.<\/p>\n<p>&nbsp;<\/p>\n","protected":false},"featured_media":155354,"template":"","meta":[],"product_cat":[127,147],"product_tag":[],"class_list":{"0":"post-155353","1":"product","2":"type-product","3":"status-publish","4":"has-post-thumbnail","6":"product_brand-maytoni","7":"product_cat-apgaismojums","8":"product_cat-dekorativais","10":"first","11":"instock","12":"shipping-taxable","13":"purchasable","14":"product-type-simple","15":"hongo-alternate-image-wrap"},"_links":{"self":[{"href":"https:\/\/4room.lv\/en\/wp-json\/wp\/v2\/product\/155353","targetHints":{"allow":["GET"]}}],"collection":[{"href":"https:\/\/4room.lv\/en\/wp-json\/wp\/v2\/product"}],"about":[{"href":"https:\/\/4room.lv\/en\/wp-json\/wp\/v2\/types\/product"}],"wp:featuredmedia":[{"embeddable":true,"href":"https:\/\/4room.lv\/en\/wp-json\/wp\/v2\/media\/155354"}],"wp:attachment":[{"href":"https:\/\/4room.lv\/en\/wp-json\/wp\/v2\/media?parent=155353"}],"wp:term":[{"taxonomy":"product_cat","embeddable":true,"href":"https:\/\/4room.lv\/en\/wp-json\/wp\/v2\/product_cat?post=155353"},{"taxonomy":"product_tag","embeddable":true,"href":"https:\/\/4room.lv\/en\/wp-json\/wp\/v2\/product_tag?post=155353"}],"curies":[{"name":"wp","href":"https:\/\/api.w.org\/{rel}","templated":true}]}}