{"id":155410,"date":"2025-04-01T11:23:26","date_gmt":"2025-04-01T08:23:26","guid":{"rendered":"https:\/\/4room.lv\/?post_type=product&#038;p=155410"},"modified":"2025-04-01T11:23:26","modified_gmt":"2025-04-01T08:23:26","slug":"iebuve-gu10","status":"publish","type":"product","link":"https:\/\/4room.lv\/en\/veikals\/apgaismojums\/arhitekturalais\/iebuve-gu10\/","title":{"rendered":"Ieb\u016bve GU10"},"content":{"rendered":"","protected":false},"excerpt":{"rendered":"<p>Ieb\u016bve kam nepiecie\u0161ama GU10 spuldze. Gaismeklim nepeicie\u0161ams 10cm dzi\u013cums griestos. Izgriezuma diametrs 8cm. Pa\u0161a gaismek\u013ca diamters ir 9,2cm.<\/p>\n<p>Korpuss balts met\u0101ls.<\/p>\n","protected":false},"featured_media":155411,"template":"","meta":[],"product_cat":[127,148],"product_tag":[],"class_list":{"0":"post-155410","1":"product","2":"type-product","3":"status-publish","4":"has-post-thumbnail","6":"product_brand-onelight","7":"product_cat-apgaismojums","8":"product_cat-arhitekturalais","10":"first","11":"instock","12":"shipping-taxable","13":"purchasable","14":"product-type-simple"},"_links":{"self":[{"href":"https:\/\/4room.lv\/en\/wp-json\/wp\/v2\/product\/155410","targetHints":{"allow":["GET"]}}],"collection":[{"href":"https:\/\/4room.lv\/en\/wp-json\/wp\/v2\/product"}],"about":[{"href":"https:\/\/4room.lv\/en\/wp-json\/wp\/v2\/types\/product"}],"wp:featuredmedia":[{"embeddable":true,"href":"https:\/\/4room.lv\/en\/wp-json\/wp\/v2\/media\/155411"}],"wp:attachment":[{"href":"https:\/\/4room.lv\/en\/wp-json\/wp\/v2\/media?parent=155410"}],"wp:term":[{"taxonomy":"product_cat","embeddable":true,"href":"https:\/\/4room.lv\/en\/wp-json\/wp\/v2\/product_cat?post=155410"},{"taxonomy":"product_tag","embeddable":true,"href":"https:\/\/4room.lv\/en\/wp-json\/wp\/v2\/product_tag?post=155410"}],"curies":[{"name":"wp","href":"https:\/\/api.w.org\/{rel}","templated":true}]}}