{"id":155430,"date":"2025-04-01T11:55:11","date_gmt":"2025-04-01T08:55:11","guid":{"rendered":"https:\/\/4room.lv\/?post_type=product&#038;p=155430"},"modified":"2025-04-01T11:56:41","modified_gmt":"2025-04-01T08:56:41","slug":"thin-hexagon-ceiling-o420mm-monaco-gold","status":"publish","type":"product","link":"https:\/\/4room.lv\/en\/veikals\/apgaismojums\/thin-hexagon-ceiling-o420mm-monaco-gold\/","title":{"rendered":"THIN HEXAGON CEILING \u00f8420mm Monaco gold"},"content":{"rendered":"","protected":false},"excerpt":{"rendered":"<p>Izsmalcin\u0101ts gaismas \u0137erme\u0146is, kura dizains koncentr\u0113jas uz izcilu apgaismojumu priv\u0101tiem un sabiedriskiem interjeriem. LED pl\u0101ksne nodro\u0161ina gaismek\u013ca vieglumu \u2013 auduma aba\u017e\u016bra augstums ir tikai 8 cm. Konkr\u0113ta gaismek\u013ca abaz\u016brs ir zeltaina to\u0146a sat\u012bna audum\u0101. Gaismek\u013ca Led ir jaud\u012bgs un dim\u0113jams.<\/p>\n<p>Modeli iespejams pa\u0161\u016bt\u012bt da\u017e\u0101dos izm\u0113ros un tam ir pla\u0161s apdaru kl\u0101sts. Paraugi pieejami pie mums salon\u0101.<\/p>\n","protected":false},"featured_media":155440,"template":"","meta":[],"product_cat":[127],"product_tag":[],"class_list":{"0":"post-155430","1":"product","2":"type-product","3":"status-publish","4":"has-post-thumbnail","6":"product_brand-4room","7":"product_cat-apgaismojums","9":"first","10":"instock","11":"sale","12":"shipping-taxable","13":"purchasable","14":"product-type-simple","15":"hongo-alternate-image-wrap"},"_links":{"self":[{"href":"https:\/\/4room.lv\/en\/wp-json\/wp\/v2\/product\/155430","targetHints":{"allow":["GET"]}}],"collection":[{"href":"https:\/\/4room.lv\/en\/wp-json\/wp\/v2\/product"}],"about":[{"href":"https:\/\/4room.lv\/en\/wp-json\/wp\/v2\/types\/product"}],"wp:featuredmedia":[{"embeddable":true,"href":"https:\/\/4room.lv\/en\/wp-json\/wp\/v2\/media\/155440"}],"wp:attachment":[{"href":"https:\/\/4room.lv\/en\/wp-json\/wp\/v2\/media?parent=155430"}],"wp:term":[{"taxonomy":"product_cat","embeddable":true,"href":"https:\/\/4room.lv\/en\/wp-json\/wp\/v2\/product_cat?post=155430"},{"taxonomy":"product_tag","embeddable":true,"href":"https:\/\/4room.lv\/en\/wp-json\/wp\/v2\/product_tag?post=155430"}],"curies":[{"name":"wp","href":"https:\/\/api.w.org\/{rel}","templated":true}]}}