{"id":155443,"date":"2025-08-01T17:02:52","date_gmt":"2025-08-01T14:02:52","guid":{"rendered":"https:\/\/4room.lv\/?post_type=product&#038;p=155443"},"modified":"2025-12-28T19:18:57","modified_gmt":"2025-12-28T17:18:57","slug":"lounge-chair-indy-brown","status":"publish","type":"product","link":"https:\/\/4room.lv\/en\/veikals\/mebeles\/kresli\/lounge-chair-indy-brown\/","title":{"rendered":"Lounge Chair Indy Brown"},"content":{"rendered":"","protected":false},"excerpt":{"rendered":"<p>Atp\u016btas kr\u0113sls ar \u0113rtu muguru un m\u012bkstiem roku balstiem. Vienm\u0113r aktu\u0101la b\u0113\u0161i br\u016bna auduma un ozolkoka kombin\u0101cija, kas ieder\u0101s da\u017e\u0101dakajos interjeros. Ramis ir dab\u012bgs ozolkoks. Audums ir maigs un pat\u012bkams taustei.<\/p>\n","protected":false},"featured_media":155447,"template":"","meta":[],"product_cat":[129,144],"product_tag":[],"class_list":{"0":"post-155443","1":"product","2":"type-product","3":"status-publish","4":"has-post-thumbnail","6":"product_brand-dutch-bone","7":"product_brand-white-label-living","8":"product_brand-zuiver","9":"product_cat-mebeles","10":"product_cat-kresli","12":"first","13":"instock","14":"shipping-taxable","15":"purchasable","16":"product-type-simple","17":"hongo-alternate-image-wrap"},"_links":{"self":[{"href":"https:\/\/4room.lv\/en\/wp-json\/wp\/v2\/product\/155443","targetHints":{"allow":["GET"]}}],"collection":[{"href":"https:\/\/4room.lv\/en\/wp-json\/wp\/v2\/product"}],"about":[{"href":"https:\/\/4room.lv\/en\/wp-json\/wp\/v2\/types\/product"}],"wp:featuredmedia":[{"embeddable":true,"href":"https:\/\/4room.lv\/en\/wp-json\/wp\/v2\/media\/155447"}],"wp:attachment":[{"href":"https:\/\/4room.lv\/en\/wp-json\/wp\/v2\/media?parent=155443"}],"wp:term":[{"taxonomy":"product_cat","embeddable":true,"href":"https:\/\/4room.lv\/en\/wp-json\/wp\/v2\/product_cat?post=155443"},{"taxonomy":"product_tag","embeddable":true,"href":"https:\/\/4room.lv\/en\/wp-json\/wp\/v2\/product_tag?post=155443"}],"curies":[{"name":"wp","href":"https:\/\/api.w.org\/{rel}","templated":true}]}}