{"id":155546,"date":"2025-04-03T09:13:13","date_gmt":"2025-04-03T06:13:13","guid":{"rendered":"https:\/\/4room.lv\/?post_type=product&#038;p=155546"},"modified":"2025-04-03T09:13:13","modified_gmt":"2025-04-03T06:13:13","slug":"regina-floor","status":"publish","type":"product","link":"https:\/\/4room.lv\/en\/veikals\/apgaismojums\/dekorativais\/regina-floor\/","title":{"rendered":"Regina floor"},"content":{"rendered":"","protected":false},"excerpt":{"rendered":"<p>M\u016bsdien\u012bga un praktiska st\u0101vlampa ar stabilu b\u0101zi un regul\u0113jamu Led. Aug\u0161ejais gaismeklis izgaismos telpu un griestus, kam\u0113r mazakais gaismeklis noder\u0113s las\u012b\u0161anai.<\/p>\n<p>&nbsp;<\/p>\n","protected":false},"featured_media":155547,"template":"","meta":[],"product_cat":[127,147],"product_tag":[],"class_list":{"0":"post-155546","1":"product","2":"type-product","3":"status-publish","4":"has-post-thumbnail","6":"product_cat-apgaismojums","7":"product_cat-dekorativais","9":"first","10":"instock","11":"shipping-taxable","12":"purchasable","13":"product-type-simple"},"_links":{"self":[{"href":"https:\/\/4room.lv\/en\/wp-json\/wp\/v2\/product\/155546","targetHints":{"allow":["GET"]}}],"collection":[{"href":"https:\/\/4room.lv\/en\/wp-json\/wp\/v2\/product"}],"about":[{"href":"https:\/\/4room.lv\/en\/wp-json\/wp\/v2\/types\/product"}],"wp:featuredmedia":[{"embeddable":true,"href":"https:\/\/4room.lv\/en\/wp-json\/wp\/v2\/media\/155547"}],"wp:attachment":[{"href":"https:\/\/4room.lv\/en\/wp-json\/wp\/v2\/media?parent=155546"}],"wp:term":[{"taxonomy":"product_cat","embeddable":true,"href":"https:\/\/4room.lv\/en\/wp-json\/wp\/v2\/product_cat?post=155546"},{"taxonomy":"product_tag","embeddable":true,"href":"https:\/\/4room.lv\/en\/wp-json\/wp\/v2\/product_tag?post=155546"}],"curies":[{"name":"wp","href":"https:\/\/api.w.org\/{rel}","templated":true}]}}