{"id":155554,"date":"2025-04-03T13:48:16","date_gmt":"2025-04-03T10:48:16","guid":{"rendered":"https:\/\/4room.lv\/?post_type=product&#038;p=155554"},"modified":"2025-04-03T13:48:16","modified_gmt":"2025-04-03T10:48:16","slug":"kaito-2-pro-40-ceiling-light-white","status":"publish","type":"product","link":"https:\/\/4room.lv\/en\/veikals\/apgaismojums\/dekorativais\/kaito-2-pro-40-ceiling-light-white\/","title":{"rendered":"Kaito 2 Pro 40 Ceiling light White"},"content":{"rendered":"","protected":false},"excerpt":{"rendered":"<p>Kaito Pro ir griestu gaismeklis, kas apvieno elegantas dizaina proporcijas ar praktisku pielietojumu. Led modulis stiprin\u0101s pie \u0161arn\u012bra, l\u012bdz ar to gaismu var\u0113siet novirz\u012bt v\u0113lam\u0101 veid\u0101, radot interesantu gaismas efektu. Gaisma ir pat\u012bkama un klied\u0113ta, bet taj\u0101 pa\u0161a &#8211; laik\u0101 jaud\u012bga.<\/p>\n","protected":false},"featured_media":155561,"template":"","meta":[],"product_cat":[127,148,147],"product_tag":[],"class_list":{"0":"post-155554","1":"product","2":"type-product","3":"status-publish","4":"has-post-thumbnail","6":"product_brand-nordlux","7":"product_cat-apgaismojums","8":"product_cat-arhitekturalais","9":"product_cat-dekorativais","11":"first","12":"instock","13":"shipping-taxable","14":"purchasable","15":"product-type-simple","16":"hongo-alternate-image-wrap"},"_links":{"self":[{"href":"https:\/\/4room.lv\/en\/wp-json\/wp\/v2\/product\/155554","targetHints":{"allow":["GET"]}}],"collection":[{"href":"https:\/\/4room.lv\/en\/wp-json\/wp\/v2\/product"}],"about":[{"href":"https:\/\/4room.lv\/en\/wp-json\/wp\/v2\/types\/product"}],"wp:featuredmedia":[{"embeddable":true,"href":"https:\/\/4room.lv\/en\/wp-json\/wp\/v2\/media\/155561"}],"wp:attachment":[{"href":"https:\/\/4room.lv\/en\/wp-json\/wp\/v2\/media?parent=155554"}],"wp:term":[{"taxonomy":"product_cat","embeddable":true,"href":"https:\/\/4room.lv\/en\/wp-json\/wp\/v2\/product_cat?post=155554"},{"taxonomy":"product_tag","embeddable":true,"href":"https:\/\/4room.lv\/en\/wp-json\/wp\/v2\/product_tag?post=155554"}],"curies":[{"name":"wp","href":"https:\/\/api.w.org\/{rel}","templated":true}]}}