{"id":155564,"date":"2025-04-03T14:04:00","date_gmt":"2025-04-03T11:04:00","guid":{"rendered":"https:\/\/4room.lv\/?post_type=product&#038;p=155564"},"modified":"2025-12-28T19:19:00","modified_gmt":"2025-12-28T17:19:00","slug":"lena-m-brass","status":"publish","type":"product","link":"https:\/\/4room.lv\/en\/veikals\/apgaismojums\/dekorativais\/lena-m-brass\/","title":{"rendered":"Lena M Brass"},"content":{"rendered":"","protected":false},"excerpt":{"rendered":"<p>Unik\u0101ls gaismeklis kam j\u016btama iedvesma no dabas, kas piesaista ar savu neordin\u0101ro formu un gais\u012bgo saj\u016btu. Gaismeklis ir no p\u012btas met\u0101la stieples, glu\u017ei k\u0101 zivju t\u012bkls. Un rada interesantu \u0113nu rakstu telp\u0101. Tonis ir nespodrs misi\u0146\u0161, kas rada siltu gaismas efektu. Jauki izskat\u012bsies viens, ta\u010du patie\u0161\u0101m efekt\u012bgi izskat\u0101s vair\u0101ki kop\u0101.<\/p>\n<p>Gaismeklim ir nepiecie\u0161ama viena E27 spuldze, var ielikt retro tipa spuldzi dekorat\u012bv\u0101kam efektam vai lielo un spo\u017eu labai gaismai.<\/p>\n","protected":false},"featured_media":155574,"template":"","meta":[],"product_cat":[127,147],"product_tag":[],"class_list":{"0":"post-155564","1":"product","2":"type-product","3":"status-publish","4":"has-post-thumbnail","6":"product_brand-dutch-bone","7":"product_brand-white-label-living","8":"product_brand-zuiver","9":"product_cat-apgaismojums","10":"product_cat-dekorativais","12":"first","13":"instock","14":"shipping-taxable","15":"purchasable","16":"product-type-simple","17":"hongo-alternate-image-wrap"},"_links":{"self":[{"href":"https:\/\/4room.lv\/en\/wp-json\/wp\/v2\/product\/155564","targetHints":{"allow":["GET"]}}],"collection":[{"href":"https:\/\/4room.lv\/en\/wp-json\/wp\/v2\/product"}],"about":[{"href":"https:\/\/4room.lv\/en\/wp-json\/wp\/v2\/types\/product"}],"wp:featuredmedia":[{"embeddable":true,"href":"https:\/\/4room.lv\/en\/wp-json\/wp\/v2\/media\/155574"}],"wp:attachment":[{"href":"https:\/\/4room.lv\/en\/wp-json\/wp\/v2\/media?parent=155564"}],"wp:term":[{"taxonomy":"product_cat","embeddable":true,"href":"https:\/\/4room.lv\/en\/wp-json\/wp\/v2\/product_cat?post=155564"},{"taxonomy":"product_tag","embeddable":true,"href":"https:\/\/4room.lv\/en\/wp-json\/wp\/v2\/product_tag?post=155564"}],"curies":[{"name":"wp","href":"https:\/\/api.w.org\/{rel}","templated":true}]}}