{"id":155613,"date":"2025-04-03T16:44:02","date_gmt":"2025-04-03T13:44:02","guid":{"rendered":"https:\/\/4room.lv\/?post_type=product&#038;p=155613"},"modified":"2025-04-03T16:53:02","modified_gmt":"2025-04-03T13:53:02","slug":"dioscuri-wall-ceiling14","status":"publish","type":"product","link":"https:\/\/4room.lv\/en\/veikals\/apgaismojums\/dekorativais\/dioscuri-wall-ceiling14\/","title":{"rendered":"Dioscuri wall\/ceiling14"},"content":{"rendered":"","protected":false},"excerpt":{"rendered":"<p>Vienk\u0101r\u0161a forma, bez piln\u012bgi jebk\u0101 lieka. Dioscuri ir gaismeklis ar kuru nevar nok\u013c\u016bd\u012bties! P\u016bst\u0101 balt\u0101 stikl\u0101, kas apstr\u0101dats, lai b\u016btu mat\u0113ts. Gaismeklim nepeicie\u0161am 1 E14 spuldze. M\u0113s ieteikti izvel\u0113ties balta stikla spuldzi, lai gaisma skaisti klied\u0113tos pa visu kupolu. Gaismeklis ir mitrumnotur\u012bgs un b\u016bs piem\u0113rots ar\u012b vannas istab\u0101m. Stiprin\u0101jums ir univers\u0101ls, l\u012bdz ar to tas var b\u016bt gan sienas, gan griestu gaismeklis.<\/p>\n","protected":false},"featured_media":155629,"template":"","meta":[],"product_cat":[1058,127,147],"product_tag":[],"class_list":{"0":"post-155613","1":"product","2":"type-product","3":"status-publish","4":"has-post-thumbnail","6":"product_brand-artemide","7":"product_cat-dizaina","8":"product_cat-apgaismojums","9":"product_cat-dekorativais","11":"first","12":"instock","13":"shipping-taxable","14":"purchasable","15":"product-type-simple","16":"hongo-alternate-image-wrap"},"_links":{"self":[{"href":"https:\/\/4room.lv\/en\/wp-json\/wp\/v2\/product\/155613","targetHints":{"allow":["GET"]}}],"collection":[{"href":"https:\/\/4room.lv\/en\/wp-json\/wp\/v2\/product"}],"about":[{"href":"https:\/\/4room.lv\/en\/wp-json\/wp\/v2\/types\/product"}],"wp:featuredmedia":[{"embeddable":true,"href":"https:\/\/4room.lv\/en\/wp-json\/wp\/v2\/media\/155629"}],"wp:attachment":[{"href":"https:\/\/4room.lv\/en\/wp-json\/wp\/v2\/media?parent=155613"}],"wp:term":[{"taxonomy":"product_cat","embeddable":true,"href":"https:\/\/4room.lv\/en\/wp-json\/wp\/v2\/product_cat?post=155613"},{"taxonomy":"product_tag","embeddable":true,"href":"https:\/\/4room.lv\/en\/wp-json\/wp\/v2\/product_tag?post=155613"}],"curies":[{"name":"wp","href":"https:\/\/api.w.org\/{rel}","templated":true}]}}