{"id":155668,"date":"2025-04-03T17:41:43","date_gmt":"2025-04-03T14:41:43","guid":{"rendered":"https:\/\/4room.lv\/?post_type=product&#038;p=155668"},"modified":"2025-12-28T19:19:00","modified_gmt":"2025-12-28T17:19:00","slug":"barstool-georgia-green","status":"publish","type":"product","link":"https:\/\/4room.lv\/en\/veikals\/mebeles\/kresli\/barstool-georgia-green\/","title":{"rendered":"Barstool Georgia Green"},"content":{"rendered":"","protected":false},"excerpt":{"rendered":"<p>Elegantais Georgia modelis vint\u0101\u017eas stil\u0101 b\u016bs skaists papildin\u0101jums gan m\u0101j\u0101m, gan k\u0101dai jaukai kafejn\u012bcai. Maigs audums ol\u012bvza\u013c\u0101 ton\u012b skaisti sapl\u016bd\u012bs gana ar zemes to\u0146iem, gan paste\u013ciem un ko\u0161iem akcentiem. Slaidas meln\u0101s met\u0101la k\u0101jas rada viegluma saj\u016btu.<\/p>\n<p>Kr\u0113sla s\u0113\u017ea ir 75cm augstum\u0101. Kr\u0113sli ir liekami viens uz otra.<\/p>\n","protected":false},"featured_media":155681,"template":"","meta":[],"product_cat":[129,144],"product_tag":[],"class_list":{"0":"post-155668","1":"product","2":"type-product","3":"status-publish","4":"has-post-thumbnail","6":"product_brand-dutch-bone","7":"product_brand-white-label-living","8":"product_brand-zuiver","9":"product_cat-mebeles","10":"product_cat-kresli","12":"first","13":"instock","14":"shipping-taxable","15":"purchasable","16":"product-type-simple","17":"hongo-alternate-image-wrap"},"_links":{"self":[{"href":"https:\/\/4room.lv\/en\/wp-json\/wp\/v2\/product\/155668","targetHints":{"allow":["GET"]}}],"collection":[{"href":"https:\/\/4room.lv\/en\/wp-json\/wp\/v2\/product"}],"about":[{"href":"https:\/\/4room.lv\/en\/wp-json\/wp\/v2\/types\/product"}],"wp:featuredmedia":[{"embeddable":true,"href":"https:\/\/4room.lv\/en\/wp-json\/wp\/v2\/media\/155681"}],"wp:attachment":[{"href":"https:\/\/4room.lv\/en\/wp-json\/wp\/v2\/media?parent=155668"}],"wp:term":[{"taxonomy":"product_cat","embeddable":true,"href":"https:\/\/4room.lv\/en\/wp-json\/wp\/v2\/product_cat?post=155668"},{"taxonomy":"product_tag","embeddable":true,"href":"https:\/\/4room.lv\/en\/wp-json\/wp\/v2\/product_tag?post=155668"}],"curies":[{"name":"wp","href":"https:\/\/api.w.org\/{rel}","templated":true}]}}