{"id":155694,"date":"2025-04-03T18:00:46","date_gmt":"2025-04-03T15:00:46","guid":{"rendered":"https:\/\/4room.lv\/?post_type=product&#038;p=155694"},"modified":"2025-12-28T19:19:00","modified_gmt":"2025-12-28T17:19:00","slug":"office-chair-junzo-rib-grey","status":"publish","type":"product","link":"https:\/\/4room.lv\/en\/veikals\/biroja-mebeles\/biroja-kresli\/office-chair-junzo-rib-grey\/","title":{"rendered":"Office Chair Junzo Rib Grey"},"content":{"rendered":"","protected":false},"excerpt":{"rendered":"<p>Gl\u012btais Junzo kr\u0113sls uz rite\u0146iem ar roku balstiem patiks tiem, kas v\u0113l\u0101s \u0113rtu, bet dizain\u0101 izskat\u012bgu darba kr\u0113slu. Kr\u0113sls apvilkts pel\u0113k\u0101 velveta audum\u0101, kas ir notur\u012bgs lieto\u0161an\u0101 un viegli pieska\u0146ojams interjeram. Kr\u0113slam ir regul\u0113jams augstums.<\/p>\n","protected":false},"featured_media":155698,"template":"","meta":[],"product_cat":[131,337,144],"product_tag":[],"class_list":{"0":"post-155694","1":"product","2":"type-product","3":"status-publish","4":"has-post-thumbnail","6":"product_brand-dutch-bone","7":"product_brand-white-label-living","8":"product_brand-zuiver","9":"product_cat-biroja-mebeles","10":"product_cat-biroja-kresli","11":"product_cat-kresli","13":"first","14":"instock","15":"shipping-taxable","16":"purchasable","17":"product-type-simple","18":"hongo-alternate-image-wrap"},"_links":{"self":[{"href":"https:\/\/4room.lv\/en\/wp-json\/wp\/v2\/product\/155694","targetHints":{"allow":["GET"]}}],"collection":[{"href":"https:\/\/4room.lv\/en\/wp-json\/wp\/v2\/product"}],"about":[{"href":"https:\/\/4room.lv\/en\/wp-json\/wp\/v2\/types\/product"}],"wp:featuredmedia":[{"embeddable":true,"href":"https:\/\/4room.lv\/en\/wp-json\/wp\/v2\/media\/155698"}],"wp:attachment":[{"href":"https:\/\/4room.lv\/en\/wp-json\/wp\/v2\/media?parent=155694"}],"wp:term":[{"taxonomy":"product_cat","embeddable":true,"href":"https:\/\/4room.lv\/en\/wp-json\/wp\/v2\/product_cat?post=155694"},{"taxonomy":"product_tag","embeddable":true,"href":"https:\/\/4room.lv\/en\/wp-json\/wp\/v2\/product_tag?post=155694"}],"curies":[{"name":"wp","href":"https:\/\/api.w.org\/{rel}","templated":true}]}}