{"id":155716,"date":"2025-04-05T16:53:55","date_gmt":"2025-04-05T13:53:55","guid":{"rendered":"https:\/\/4room.lv\/?post_type=product&#038;p=155716"},"modified":"2025-04-05T16:53:55","modified_gmt":"2025-04-05T13:53:55","slug":"pet-micro-r-x2-switch-led-wall","status":"publish","type":"product","link":"https:\/\/4room.lv\/en\/veikals\/apgaismojums\/dekorativais\/pet-micro-r-x2-switch-led-wall\/","title":{"rendered":"PET micro R x2 switch LED wall"},"content":{"rendered":"","protected":false},"excerpt":{"rendered":"<p>Minim\u0101listiska dizaina sienas gaismeklis ar diviem virz\u0101miem spotiem, katrs uz 220lm. Uz gaismek\u013ca ir iesl\u0113g\u0161anas\/izsl\u0113g\u0161anas sl\u0113dzis. Var likt vertik\u0101li vai horizont\u0101li.<\/p>\n<p>Augstv\u0113rt\u012bgi un kavalitat\u012bvi materi\u0101li ilgam kalpo\u0161anas laikam un acu komfortam ar 5 gadu garantiju no ra\u017eot\u0101ja.<\/p>\n","protected":false},"featured_media":155720,"template":"","meta":[],"product_cat":[127,148,147],"product_tag":[],"class_list":{"0":"post-155716","1":"product","2":"type-product","3":"status-publish","4":"has-post-thumbnail","6":"product_brand-aqform","7":"product_cat-apgaismojums","8":"product_cat-arhitekturalais","9":"product_cat-dekorativais","11":"first","12":"instock","13":"shipping-taxable","14":"purchasable","15":"product-type-simple","16":"hongo-alternate-image-wrap"},"_links":{"self":[{"href":"https:\/\/4room.lv\/en\/wp-json\/wp\/v2\/product\/155716","targetHints":{"allow":["GET"]}}],"collection":[{"href":"https:\/\/4room.lv\/en\/wp-json\/wp\/v2\/product"}],"about":[{"href":"https:\/\/4room.lv\/en\/wp-json\/wp\/v2\/types\/product"}],"wp:featuredmedia":[{"embeddable":true,"href":"https:\/\/4room.lv\/en\/wp-json\/wp\/v2\/media\/155720"}],"wp:attachment":[{"href":"https:\/\/4room.lv\/en\/wp-json\/wp\/v2\/media?parent=155716"}],"wp:term":[{"taxonomy":"product_cat","embeddable":true,"href":"https:\/\/4room.lv\/en\/wp-json\/wp\/v2\/product_cat?post=155716"},{"taxonomy":"product_tag","embeddable":true,"href":"https:\/\/4room.lv\/en\/wp-json\/wp\/v2\/product_tag?post=155716"}],"curies":[{"name":"wp","href":"https:\/\/api.w.org\/{rel}","templated":true}]}}