{"id":155732,"date":"2025-04-05T17:14:07","date_gmt":"2025-04-05T14:14:07","guid":{"rendered":"https:\/\/4room.lv\/?post_type=product&#038;p=155732"},"modified":"2025-04-05T17:14:22","modified_gmt":"2025-04-05T14:14:22","slug":"dalt-6-aged-gold","status":"publish","type":"product","link":"https:\/\/4room.lv\/en\/veikals\/apgaismojums\/dekorativais\/dalt-6-aged-gold\/","title":{"rendered":"Dalt 6 aged gold"},"content":{"rendered":"","protected":false},"excerpt":{"rendered":"<p>Bag\u0101t\u012bg\u0101 un elegant\u0101 Dalt lustra ir ne tikai gaismeklis, bet dizaina elements telpai. No balt\u0101 stikla kupoliem sp\u012bd maiga gaisma, kur katra sl\u0113pj\u0101s 5W Led G9 spuldz\u012bte, kas n\u0101k jau komplekt\u0101cij\u0101. Ta\u010du vienm\u0113r variet nomain\u012bt uz cit\u0101m, ja v\u0113laties. Dab\u012bg\u0101 marmora bumbi\u0146as ir skaists dekors\u00a0 kas pies\u0137ir tai grezn\u012bbu. Tum\u0161a zelta r\u0101mis izskatas\u0101s gaum\u012bgi kop\u0101 ar za\u013co marmoru un baltajiem kupoliem. Giestu stienis sast\u0101v no 3x3ocm da\u013c\u0101m, l\u012bdz ar to gaismeklis var k\u0101rt 30\/60\/90 cm no griestiem.<\/p>\n","protected":false},"featured_media":155733,"template":"","meta":[],"product_cat":[1058,127,147],"product_tag":[],"class_list":{"0":"post-155732","1":"product","2":"type-product","3":"status-publish","4":"has-post-thumbnail","6":"product_brand-aromas-del-campo","7":"product_cat-dizaina","8":"product_cat-apgaismojums","9":"product_cat-dekorativais","11":"first","12":"instock","13":"shipping-taxable","14":"purchasable","15":"product-type-simple","16":"hongo-alternate-image-wrap"},"_links":{"self":[{"href":"https:\/\/4room.lv\/en\/wp-json\/wp\/v2\/product\/155732","targetHints":{"allow":["GET"]}}],"collection":[{"href":"https:\/\/4room.lv\/en\/wp-json\/wp\/v2\/product"}],"about":[{"href":"https:\/\/4room.lv\/en\/wp-json\/wp\/v2\/types\/product"}],"wp:featuredmedia":[{"embeddable":true,"href":"https:\/\/4room.lv\/en\/wp-json\/wp\/v2\/media\/155733"}],"wp:attachment":[{"href":"https:\/\/4room.lv\/en\/wp-json\/wp\/v2\/media?parent=155732"}],"wp:term":[{"taxonomy":"product_cat","embeddable":true,"href":"https:\/\/4room.lv\/en\/wp-json\/wp\/v2\/product_cat?post=155732"},{"taxonomy":"product_tag","embeddable":true,"href":"https:\/\/4room.lv\/en\/wp-json\/wp\/v2\/product_tag?post=155732"}],"curies":[{"name":"wp","href":"https:\/\/api.w.org\/{rel}","templated":true}]}}